{"id":4212,"date":"2025-12-15T21:57:23","date_gmt":"2025-12-15T20:57:23","guid":{"rendered":"https:\/\/hotelardesia.com\/ttg-salon-rimini"},"modified":"2025-12-15T21:57:23","modified_gmt":"2025-12-15T20:57:23","slug":"ttg-salon-rimini","status":"publish","type":"page","link":"https:\/\/hotelardesia.com\/fr\/ttg-salon-rimini","title":{"rendered":"D\u00e9couvrez le TTG de Rimini, notre h\u00f4tel est proche du parc des expositions."},"content":{"rendered":"<div class=\"wpb-content-wrapper\"><p>[vc_row css_animation=\u00a0\u00bb\u00a0\u00bb row_type=\u00a0\u00bbrow\u00a0\u00bb use_row_as_full_screen_section=\u00a0\u00bbno\u00a0\u00bb type=\u00a0\u00bbfull_width\u00a0\u00bb angled_section=\u00a0\u00bbno\u00a0\u00bb text_align=\u00a0\u00bbleft\u00a0\u00bb background_image_as_pattern=\u00a0\u00bbwithout_pattern\u00a0\u00bb][vc_column][vc_empty_space][vc_column_text]<\/p>\n<h3>D\u00e9couvrez le TTG de Rimini, notre h\u00f4tel est proche du salon<\/h3>\n<p>Le <strong>TTG de Rimini est l&rsquo;un des salons<\/strong> les plus importants du secteur touristique. Il attire des exposants de plus de 100 pays et implique des milliers d&rsquo;entreprises du secteur, d\u00e9passant ainsi chaque ann\u00e9e les 35 000 visiteurs. Ce grand \u00e9v\u00e9nement est un excellent tremplin pour le secteur touristique en Italie. Il se d\u00e9veloppe \u00e0 travers des ateliers et des conf\u00e9rences, au cours desquels les beaut\u00e9s infinies de notre pays sont pr\u00e9sent\u00e9es aux acheteurs internationaux. Le TTG de Rimini est un salon qui se d\u00e9roule en trois \u00e9v\u00e9nements : TTG Incontri, un salon du tourisme B2B de trois jours, qui se tient g\u00e9n\u00e9ralement en octobre ; le TTI (Travel Trade Italia), qui se tient en m\u00eame temps, une rencontre entre acheteurs et vendeurs du tourisme r\u00e9ceptif en Italie ; le Btc (Borsa del Turismo Congressuale), une rencontre d\u00e9di\u00e9e au secteur Mice (acronyme qui signifie meetings, incentives, conventions and exhibitions), qui s&rsquo;occupe du monde des congr\u00e8s, des conf\u00e9rences et des expositions, et qui se tient g\u00e9n\u00e9ralement entre juin et juillet.<\/p>\n<p>Ces grands \u00e9v\u00e9nements se d\u00e9roulent \u00e0 la Fiera di Rimini, une structure ultramoderne active depuis plus de 60 ans, qui offre 16 pavillons spacieux et \u00e9quip\u00e9s technologiquement, des zones de restauration et de shopping, de grands parkings et tout ce dont vous avez besoin pour profiter au maximum du confort pendant les jours de l&rsquo;\u00e9v\u00e9nement. L&rsquo;h\u00f4tel Ardesia se trouve \u00e0 seulement 3 km de la Fiera di Rimini, soit moins de 10 minutes en voiture, et constitue la solution d&rsquo;h\u00e9bergement id\u00e9ale pour les voyageurs d&rsquo;affaires, notamment en raison de sa proximit\u00e9 avec l&rsquo;a\u00e9roport Fellini de Rimini. Depuis notre h\u00f4tel, il est extr\u00eamement facile de rejoindre le parc des expositions de Rimini, c&rsquo;est pourquoi nous sommes r\u00e9put\u00e9s parmi les exposants et les personnes qui gravitent autour de l&rsquo;\u00e9v\u00e9nement TTG.<br \/>L&rsquo;h\u00f4tel Ardesia est ouvert toute l&rsquo;ann\u00e9e, car Rimini est une ville en constante effervescence, qui alterne le tourisme estival et le tourisme d&rsquo;affaires, et qui est donc capable d&rsquo;accueillir et de g\u00e9rer les milliers de visiteurs qui la fr\u00e9quentent quotidiennement. Si vous recherchez un <strong>h\u00f4tel ouvert toute l&rsquo;ann\u00e9e \u00e0 Rimini<\/strong>, vous trouverez dans notre h\u00f4tel 3 \u00e9toiles un accueil impeccable, d&rsquo;excellents services et des tarifs r\u00e9duits pendant la p\u00e9riode des \u00e9v\u00e9nements \u00e0 la Foire, y compris le TTG.[\/vc_column_text][vc_empty_space][\/vc_column][\/vc_row]<\/p>\n<\/div>","protected":false},"excerpt":{"rendered":"<p>[vc_row css_animation=\u00a0\u00bb\u00a0\u00bb row_type=\u00a0\u00bbrow\u00a0\u00bb use_row_as_full_screen_section=\u00a0\u00bbno\u00a0\u00bb type=\u00a0\u00bbfull_width\u00a0\u00bb angled_section=\u00a0\u00bbno\u00a0\u00bb text_align=\u00a0\u00bbleft\u00a0\u00bb background_image_as_pattern=\u00a0\u00bbwithout_pattern\u00a0\u00bb][vc_column][vc_empty_space][vc_column_text] D\u00e9couvrez le TTG de Rimini, notre h\u00f4tel est proche du salon Le TTG de Rimini est l&rsquo;un des salons les plus importants du secteur touristique. Il attire des exposants de plus de 100 pays et implique des&#8230;<\/p>\n","protected":false},"author":1,"featured_media":0,"parent":0,"menu_order":0,"comment_status":"closed","ping_status":"closed","template":"","meta":{"_monsterinsights_skip_tracking":false,"_monsterinsights_sitenote_active":false,"_monsterinsights_sitenote_note":"","_monsterinsights_sitenote_category":0,"footnotes":""},"class_list":["post-4212","page","type-page","status-publish","hentry"],"aioseo_notices":[],"_links":{"self":[{"href":"https:\/\/hotelardesia.com\/fr\/wp-json\/wp\/v2\/pages\/4212","targetHints":{"allow":["GET"]}}],"collection":[{"href":"https:\/\/hotelardesia.com\/fr\/wp-json\/wp\/v2\/pages"}],"about":[{"href":"https:\/\/hotelardesia.com\/fr\/wp-json\/wp\/v2\/types\/page"}],"author":[{"embeddable":true,"href":"https:\/\/hotelardesia.com\/fr\/wp-json\/wp\/v2\/users\/1"}],"replies":[{"embeddable":true,"href":"https:\/\/hotelardesia.com\/fr\/wp-json\/wp\/v2\/comments?post=4212"}],"version-history":[{"count":0,"href":"https:\/\/hotelardesia.com\/fr\/wp-json\/wp\/v2\/pages\/4212\/revisions"}],"wp:attachment":[{"href":"https:\/\/hotelardesia.com\/fr\/wp-json\/wp\/v2\/media?parent=4212"}],"curies":[{"name":"wp","href":"https:\/\/api.w.org\/{rel}","templated":true}]}}