{"id":4219,"date":"2025-12-15T21:58:15","date_gmt":"2025-12-15T20:58:15","guid":{"rendered":"https:\/\/hotelardesia.com\/autre-texte"},"modified":"2025-12-15T21:58:15","modified_gmt":"2025-12-15T20:58:15","slug":"autre-texte","status":"publish","type":"page","link":"https:\/\/hotelardesia.com\/fr\/autre-texte","title":{"rendered":"AUTRE TEXTE"},"content":{"rendered":"<p>Albergo Ardesia &#8211; Viale delle Rimembranze, 80 &#8211; 47924 Bellariva, Rimini (RN) &#8211; Num\u00e9ro de TVA 00267650406<br \/>\nT\u00e9l. 0541.389363 \/ 0541.389453 Fax. 0541.305357 Portable 328\/7425826 &#8211; E-mail : info@hotelardesia.com<\/p>\n<p>H\u00f4tel Rimini Ouvert toute l&rsquo;ann\u00e9e<\/p>\n<p>B\u00e9n\u00e9ficiant d&rsquo;un emplacement privil\u00e9gi\u00e9 \u00e0 Bellariva di Rimini, \u00e0 quelques pas du centre de Rimini, facilement accessible \u00e0 v\u00e9lo ou en bus, l&rsquo;Albergo Ardesia est un h\u00f4tel 3 \u00e9toiles en pension compl\u00e8te \u00e0 Rimini, ouvert toute l&rsquo;ann\u00e9e et proposant des services d\u00e9di\u00e9s aux familles, au point de pouvoir \u00eatre consid\u00e9r\u00e9 comme l&rsquo;un des meilleurs h\u00f4tels pour enfants de la c\u00f4te romagnole. Notre h\u00f4tel familial \u00e0 Rimini est en effet tr\u00e8s proche de la plage et \u00e0 quelques minutes du parc d&rsquo;attractions pour enfants Fiabilandia, sans oublier le delphinarium et Italia in Miniatura.<br \/>\nAu d\u00e9part de notre h\u00f4tel \u00e9conomique \u00e0 Rimini, vous pourrez faire des visites passionnantes \u00e0 la d\u00e9couverte de lieux o\u00f9 le temps semble s&rsquo;\u00eatre arr\u00eat\u00e9, des villages caract\u00e9ristiques de l&rsquo;arri\u00e8re-pays romagnol comme Saint-Marin, o\u00f9 vous ne devez absolument pas manquer les magiques Journ\u00e9es m\u00e9di\u00e9vales, avec des reconstitutions historiques et des tournois d&rsquo;arbal\u00e8te, dont cette r\u00e9gion est tr\u00e8s fi\u00e8re de la grande tradition.<br \/>\n\u00c0 vivre intens\u00e9ment, pendant vos vacances en famille \u00e0 Rimini, des journ\u00e9es amusantes et insouciantes dans les parcs dont la Romagne est riche, en profitant de la proximit\u00e9 de notre h\u00f4tel en bord de mer pr\u00e8s de Rimini avec chacun d&rsquo;entre eux. Pour un apr\u00e8s-midi de shopping ou une promenade relaxante, \u00e0 quelques minutes de notre h\u00f4tel familial \u00e0 Rimini se trouve le centre commercial Le Befane, qui dispose \u00e9galement d&rsquo;un cin\u00e9ma multiplexe de 12 salles, et les thermes de Rimini, id\u00e9aux pour un moment de pure d\u00e9tente, sont facilement accessibles.<\/p>\n<p>\u00c0 quelques m\u00e8tres de l&rsquo;h\u00f4tel se trouve \u00e9galement le Poliambulatorio Nuova Ricerca, un centre m\u00e9dical \u00e0 la pointe de la technologie pour toute la r\u00e9gion de la Romagne.<br \/>\nH\u00f4tel pr\u00e8s du parc des expositions de Rimini<\/p>\n<p>Ceux qui sont en ville pour le travail trouveront dans cet h\u00f4tel 3 \u00e9toiles \u00e0 Bellariva di Rimini un excellent point de d\u00e9part pour se rendre au parc des expositions de Rimini et participer aux prestigieux \u00e9v\u00e9nements qui enrichissent son calendrier, tels que Sigep, Rimini Wellness et TTG.<br \/>\nUne offre business qui s&rsquo;est d\u00e9sormais \u00e9largie au point de faire de la ville la capitale du secteur des congr\u00e8s et des r\u00e9unions, gr\u00e2ce au nouveau Palacongressi de Rimini qui vient compl\u00e9ter l&rsquo;\u00e9ventail des possibilit\u00e9s offertes aux hommes d&rsquo;affaires de la ville pour organiser ou participer \u00e0 des \u00e9v\u00e9nements au succ\u00e8s assur\u00e9.<\/p>\n<p>Confort et discr\u00e9tion sont les \u00e9l\u00e9ments qui caract\u00e9risent l&rsquo;h\u00f4tel pour un s\u00e9jour d&rsquo;affaires, avec un service toujours \u00e0 la disposition des clients : en profitant d&rsquo;une offre de derni\u00e8re minute \u00e0 Bellariva di Rimini, peut-\u00eatre \u00e0 l&rsquo;occasion d&rsquo;un salon, vous pourrez le v\u00e9rifier par vous-m\u00eame, en consultant au pr\u00e9alable l&rsquo;une des diff\u00e9rentes offres pour les salons \u00e0 Rimini de notre h\u00f4tel.<\/p>\n<p>En choisissant parmi nos offres et nos services, vous disposez de ressources utiles pour vos vacances.<\/p>\n<p>R\u00e9alisation de sites Internet, h\u00e9bergement et r\u00e9f\u00e9rencement sur les moteurs de recherche par Network Service pour les h\u00f4tels \u00e0 Rimini<br \/>\nCopyright \u00a9 2025 &#8211; Tous droits r\u00e9serv\u00e9s<\/p>\n","protected":false},"excerpt":{"rendered":"<p>Albergo Ardesia &#8211; Viale delle Rimembranze, 80 &#8211; 47924 Bellariva, Rimini (RN) &#8211; Num\u00e9ro de TVA 00267650406 T\u00e9l. 0541.389363 \/ 0541.389453 Fax. 0541.305357 Portable 328\/7425826 &#8211; E-mail : info@hotelardesia.com H\u00f4tel Rimini Ouvert toute l&rsquo;ann\u00e9e B\u00e9n\u00e9ficiant d&rsquo;un emplacement privil\u00e9gi\u00e9 \u00e0 Bellariva di Rimini, \u00e0 quelques pas&#8230;<\/p>\n","protected":false},"author":1,"featured_media":0,"parent":0,"menu_order":0,"comment_status":"closed","ping_status":"closed","template":"","meta":{"_monsterinsights_skip_tracking":false,"_monsterinsights_sitenote_active":false,"_monsterinsights_sitenote_note":"","_monsterinsights_sitenote_category":0,"footnotes":""},"class_list":["post-4219","page","type-page","status-publish","hentry"],"aioseo_notices":[],"_links":{"self":[{"href":"https:\/\/hotelardesia.com\/fr\/wp-json\/wp\/v2\/pages\/4219","targetHints":{"allow":["GET"]}}],"collection":[{"href":"https:\/\/hotelardesia.com\/fr\/wp-json\/wp\/v2\/pages"}],"about":[{"href":"https:\/\/hotelardesia.com\/fr\/wp-json\/wp\/v2\/types\/page"}],"author":[{"embeddable":true,"href":"https:\/\/hotelardesia.com\/fr\/wp-json\/wp\/v2\/users\/1"}],"replies":[{"embeddable":true,"href":"https:\/\/hotelardesia.com\/fr\/wp-json\/wp\/v2\/comments?post=4219"}],"version-history":[{"count":0,"href":"https:\/\/hotelardesia.com\/fr\/wp-json\/wp\/v2\/pages\/4219\/revisions"}],"wp:attachment":[{"href":"https:\/\/hotelardesia.com\/fr\/wp-json\/wp\/v2\/media?parent=4219"}],"curies":[{"name":"wp","href":"https:\/\/api.w.org\/{rel}","templated":true}]}}