{"id":4220,"date":"2025-12-15T21:58:53","date_gmt":"2025-12-15T20:58:53","guid":{"rendered":"https:\/\/hotelardesia.com\/centre-commercial-befane-rimini"},"modified":"2025-12-15T21:58:53","modified_gmt":"2025-12-15T20:58:53","slug":"centre-commercial-befane-rimini","status":"publish","type":"page","link":"https:\/\/hotelardesia.com\/fr\/centre-commercial-befane-rimini","title":{"rendered":"Shopping et d\u00e9tente au centre commercial de Rimini, \u00e0 deux pas de notre h\u00f4tel"},"content":{"rendered":"<div class=\"wpb-content-wrapper\"><p>[vc_row css_animation=\u00a0\u00bb\u00a0\u00bb row_type=\u00a0\u00bbrow\u00a0\u00bb use_row_as_full_screen_section=\u00a0\u00bbno\u00a0\u00bb type=\u00a0\u00bbfull_width\u00a0\u00bb angled_section=\u00a0\u00bbno\u00a0\u00bb text_align=\u00a0\u00bbleft\u00a0\u00bb background_image_as_pattern=\u00a0\u00bbwithout_pattern\u00a0\u00bb][vc_column][vc_empty_space height=\u00a0\u00bb50px\u00a0\u00bb][vc_column_text]<\/p>\n<h3>Shopping et d\u00e9tente au <a href=\"https:\/\/www.lebefane.it\/\">centre commercial Le Befane<\/a> de Rimini, \u00e0 deux pas de l&rsquo;h\u00f4tel Ardesia<\/h3>\n<p>Les vacances en famille \u00e0 Rimini sont toujours un plaisir pour ceux qui souhaitent passer un moment de d\u00e9tente, car cette ville n&rsquo;est pas seulement la reine des destinations baln\u00e9aires italiennes, mais aussi un pr\u00e9cieux microcosme de surprises, d&rsquo;attractions, d&rsquo;activit\u00e9s et de moments de loisirs en compagnie.<\/p>\n<p>Notre h\u00f4tel familial \u00e0 Rimini est situ\u00e9 \u00e0 quelques pas du <strong>centre commercial Le Befane<\/strong>, un petit pays des merveilles o\u00f9 passer un apr\u00e8s-midi ou une soir\u00e9e de d\u00e9tente et de loisirs, mais aussi un v\u00e9ritable paradis pour les plus petits. Le centre commercial Le Befane n&rsquo;est qu&rsquo;\u00e0 quelques minutes de notre h\u00f4tel \u00e0 Bellariva di Rimini, accessible \u00e0 pied, \u00e0 v\u00e9lo, mais aussi en bus.<\/p>\n<p>Le centre commercial compte environ 130 <strong>magasins<\/strong> de toutes sortes, une galerie illumin\u00e9e et scintillante de vitrines, o\u00f9 l&rsquo;on trouve des articles de sport, des boutiques de marques prestigieuses, des bijouteries, des magasins tendance ou d\u00e9contract\u00e9s, et m\u00eame un hypermarch\u00e9.<\/p>\n<p>Des bars, o\u00f9 vous pouvez vous arr\u00eater pour prendre un en-cas ou un caf\u00e9, des restaurants, des pizzerias et des fast-foods, des glaciers et des lieux de rencontre color\u00e9s pour prendre l&rsquo;ap\u00e9ritif ou boire un verre, agr\u00e9mentent une promenade dans le centre avec toute la famille. Dans l&rsquo;un des grands atriums centraux, des animations et des jeux pour enfants cr\u00e9ent une atmosph\u00e8re anim\u00e9e, des attractions qui captivent m\u00eame les enfants les plus turbulents.<\/p>\n<p>Au centre commercial Le Befane, vous trouverez \u00e9galement des salons de coiffure, des petits centres de bien-\u00eatre, des magasins d&rsquo;\u00e9lectronique et un <strong>cin\u00e9ma multiplexe de 12 salles<\/strong> qui diffuse les films les plus en vogue du moment, avec des films et des dessins anim\u00e9s de derni\u00e8re g\u00e9n\u00e9ration qui vous feront passer une agr\u00e9able soir\u00e9e en famille.<\/p>\n<p>Un havre de paix \u00e0 deux pas de notre h\u00f4tel 3 \u00e9toiles \u00e0 Bellariva di Rimini, o\u00f9 vous disposerez d&rsquo;une connexion Wi-Fi gratuite et d&rsquo;un restaurant proposant des menus adapt\u00e9s aux enfants. Notre personnel qualifi\u00e9 et courtois est \u00e0 votre disposition \u00e0 tout moment de la journ\u00e9e.[\/vc_column_text][vc_empty_space height=\u00a0\u00bb50px\u00a0\u00bb][\/vc_column][\/vc_row]<\/p>\n<\/div>","protected":false},"excerpt":{"rendered":"<p>[vc_row css_animation=\u00a0\u00bb\u00a0\u00bb row_type=\u00a0\u00bbrow\u00a0\u00bb use_row_as_full_screen_section=\u00a0\u00bbno\u00a0\u00bb type=\u00a0\u00bbfull_width\u00a0\u00bb angled_section=\u00a0\u00bbno\u00a0\u00bb text_align=\u00a0\u00bbleft\u00a0\u00bb background_image_as_pattern=\u00a0\u00bbwithout_pattern\u00a0\u00bb][vc_column][vc_empty_space height=\u00a0\u00bb50px\u00a0\u00bb][vc_column_text] Shopping et d\u00e9tente au centre commercial Le Befane de Rimini, \u00e0 deux pas de l&rsquo;h\u00f4tel Ardesia Les vacances en famille \u00e0 Rimini sont toujours un plaisir pour ceux qui souhaitent passer un moment de d\u00e9tente, car&#8230;<\/p>\n","protected":false},"author":1,"featured_media":0,"parent":0,"menu_order":0,"comment_status":"closed","ping_status":"closed","template":"full_width.php","meta":{"_monsterinsights_skip_tracking":false,"_monsterinsights_sitenote_active":false,"_monsterinsights_sitenote_note":"","_monsterinsights_sitenote_category":0,"footnotes":""},"class_list":["post-4220","page","type-page","status-publish","hentry"],"aioseo_notices":[],"_links":{"self":[{"href":"https:\/\/hotelardesia.com\/fr\/wp-json\/wp\/v2\/pages\/4220","targetHints":{"allow":["GET"]}}],"collection":[{"href":"https:\/\/hotelardesia.com\/fr\/wp-json\/wp\/v2\/pages"}],"about":[{"href":"https:\/\/hotelardesia.com\/fr\/wp-json\/wp\/v2\/types\/page"}],"author":[{"embeddable":true,"href":"https:\/\/hotelardesia.com\/fr\/wp-json\/wp\/v2\/users\/1"}],"replies":[{"embeddable":true,"href":"https:\/\/hotelardesia.com\/fr\/wp-json\/wp\/v2\/comments?post=4220"}],"version-history":[{"count":0,"href":"https:\/\/hotelardesia.com\/fr\/wp-json\/wp\/v2\/pages\/4220\/revisions"}],"wp:attachment":[{"href":"https:\/\/hotelardesia.com\/fr\/wp-json\/wp\/v2\/media?parent=4220"}],"curies":[{"name":"wp","href":"https:\/\/api.w.org\/{rel}","templated":true}]}}