{"id":4227,"date":"2025-12-15T21:59:36","date_gmt":"2025-12-15T20:59:36","guid":{"rendered":"https:\/\/hotelardesia.com\/hotel-familial-rimini"},"modified":"2025-12-15T21:59:37","modified_gmt":"2025-12-15T20:59:37","slug":"hotel-familial-rimini","status":"publish","type":"page","link":"https:\/\/hotelardesia.com\/fr\/hotel-familial-rimini","title":{"rendered":"H\u00f4tel familial Rimini"},"content":{"rendered":"<div class=\"wpb-content-wrapper\"><p>[vc_row css_animation=\u00a0\u00bb\u00a0\u00bb row_type=\u00a0\u00bbrow\u00a0\u00bb use_row_as_full_screen_section=\u00a0\u00bbno\u00a0\u00bb type=\u00a0\u00bbfull_width\u00a0\u00bb angled_section=\u00a0\u00bbno\u00a0\u00bb text_align=\u00a0\u00bbleft\u00a0\u00bb background_image_as_pattern=\u00a0\u00bbwithout_pattern\u00a0\u00bb][vc_column][vc_empty_space][vc_column_text]<strong>H\u00f4tel familial \u00e0 Rimini<\/strong><\/p>\n<p>Lorsque vous arrivez ici, dans cet h\u00f4tel familial \u00e0 Rimini, vous pouvez vous d\u00e9tendre, abandonner toute crainte et enfin vous adonner \u00e0 cette d\u00e9tente salutaire que vous recherchez et invoquez depuis longtemps.<\/p>\n<p>Gr\u00e2ce \u00e0 notre grande exp\u00e9rience dans le domaine h\u00f4telier, parmi les h\u00f4tels <strong>pour familles \u00e0 Rimini<\/strong>, nous avons en effet d\u00e9velopp\u00e9 la capacit\u00e9 de r\u00e9pondre aux diff\u00e9rents besoins de tous, aussi bien des adultes que des enfants, qui trouveront ici toujours mille attentions et beaucoup de compr\u00e9hension.<\/p>\n<p>\u00c0 commencer, par exemple, par le soin apport\u00e9 au menu personnalis\u00e9 que vous pouvez demander dans le restaurant de notre<span style=\"color: #dca879;\"> <a style=\"color: #dca879;\" href=\u00ab \/servizi \u00bb>h\u00f4tel 3 \u00e9toiles \u00e0 Rimini  <\/a><\/span><strong>Bellariva<\/strong>, car nous essayons toujours de satisfaire les demandes et parfois m\u00eame les caprices des enfants.<\/p>\n<p>L&#8217;emplacement pour vos vacances \u00e0 la mer sur la Riviera romagnole est tr\u00e8s avantageux, car une fois sur place, vous ne serez qu&rsquo;\u00e0 200 m\u00e8tres de la mer et, de plus, gr\u00e2ce aux v\u00e9los que nous mettons gratuitement \u00e0 votre disposition, vous pourrez facilement vous rendre dans de nombreux autres endroits et sites d&rsquo;int\u00e9r\u00eat de la ville, comme le delphinarium ou encore Fiabilandia, des destinations incontestablement fascinantes et attrayantes pour les plus petits.<\/p>\n<p>Il vous suffira de prendre la voiture ou m\u00eame le bus, tr\u00e8s pratique, pour rejoindre Italia in Miniatura, \u00e0 10 kilom\u00e8tres d&rsquo;ici, o\u00f9 vous pourrez voir toutes les beaut\u00e9s de l&rsquo;Italie et de l&rsquo;Europe r\u00e9unies, fid\u00e8lement repr\u00e9sent\u00e9es \u00e0 petite \u00e9chelle.<\/p>\n<p>C&rsquo;est pr\u00e9cis\u00e9ment le secret de Rimini et la beaut\u00e9 d&rsquo;\u00eatre un h\u00f4tel familial : en plus des vacances \u00e0 la plage, entre la tranquillit\u00e9 de la mer et la chaleur du soleil, vous pouvez toujours organiser de nombreuses excursions sous le signe du divertissement sain pour toute la famille. N&rsquo;oubliez pas qu&rsquo;un peu plus loin que les parcs d\u00e9j\u00e0 mentionn\u00e9s, vous trouverez \u00e9galement Mirabilandia (\u00e0 Savio di Ravenna) et l&rsquo;Aquafan de Riccione.<br \/>Vous voyez ? Pourquoi ne pas planifier vos prochaines vacances en famille \u00e0 Bellariva di Rimini, une oasis de tranquillit\u00e9 sur la Riviera romagnole ?[\/vc_column_text][vc_empty_space][\/vc_column][\/vc_row]<\/p>\n<\/div>","protected":false},"excerpt":{"rendered":"<p>[vc_row css_animation=\u00a0\u00bb\u00a0\u00bb row_type=\u00a0\u00bbrow\u00a0\u00bb use_row_as_full_screen_section=\u00a0\u00bbno\u00a0\u00bb type=\u00a0\u00bbfull_width\u00a0\u00bb angled_section=\u00a0\u00bbno\u00a0\u00bb text_align=\u00a0\u00bbleft\u00a0\u00bb background_image_as_pattern=\u00a0\u00bbwithout_pattern\u00a0\u00bb][vc_column][vc_empty_space][vc_column_text]H\u00f4tel familial \u00e0 Rimini Lorsque vous arrivez ici, dans cet h\u00f4tel familial \u00e0 Rimini, vous pouvez vous d\u00e9tendre, abandonner toute crainte et enfin vous adonner \u00e0 cette d\u00e9tente salutaire que vous recherchez et invoquez depuis longtemps. Gr\u00e2ce \u00e0&#8230;<\/p>\n","protected":false},"author":1,"featured_media":0,"parent":0,"menu_order":0,"comment_status":"closed","ping_status":"closed","template":"full_width.php","meta":{"_monsterinsights_skip_tracking":false,"_monsterinsights_sitenote_active":false,"_monsterinsights_sitenote_note":"","_monsterinsights_sitenote_category":0,"footnotes":""},"class_list":["post-4227","page","type-page","status-publish","hentry"],"aioseo_notices":[],"_links":{"self":[{"href":"https:\/\/hotelardesia.com\/fr\/wp-json\/wp\/v2\/pages\/4227","targetHints":{"allow":["GET"]}}],"collection":[{"href":"https:\/\/hotelardesia.com\/fr\/wp-json\/wp\/v2\/pages"}],"about":[{"href":"https:\/\/hotelardesia.com\/fr\/wp-json\/wp\/v2\/types\/page"}],"author":[{"embeddable":true,"href":"https:\/\/hotelardesia.com\/fr\/wp-json\/wp\/v2\/users\/1"}],"replies":[{"embeddable":true,"href":"https:\/\/hotelardesia.com\/fr\/wp-json\/wp\/v2\/comments?post=4227"}],"version-history":[{"count":0,"href":"https:\/\/hotelardesia.com\/fr\/wp-json\/wp\/v2\/pages\/4227\/revisions"}],"wp:attachment":[{"href":"https:\/\/hotelardesia.com\/fr\/wp-json\/wp\/v2\/media?parent=4227"}],"curies":[{"name":"wp","href":"https:\/\/api.w.org\/{rel}","templated":true}]}}