{"id":4234,"date":"2025-12-15T21:59:52","date_gmt":"2025-12-15T20:59:52","guid":{"rendered":"https:\/\/hotelardesia.com\/san-marino-fr"},"modified":"2025-12-15T21:59:52","modified_gmt":"2025-12-15T20:59:52","slug":"san-marino-fr","status":"publish","type":"page","link":"https:\/\/hotelardesia.com\/fr\/san-marino-fr","title":{"rendered":"San Marino, une excursion entre l\u00e9gende et r\u00e9alit\u00e9"},"content":{"rendered":"<div class=\"wpb-content-wrapper\"><p>[vc_row css_animation=\u00a0\u00bb\u00a0\u00bb row_type=\u00a0\u00bbrow\u00a0\u00bb use_row_as_full_screen_section=\u00a0\u00bbno\u00a0\u00bb type=\u00a0\u00bbfull_width\u00a0\u00bb angled_section=\u00a0\u00bbno\u00a0\u00bb text_align=\u00a0\u00bbleft\u00a0\u00bb background_image_as_pattern=\u00a0\u00bbwithout_pattern\u00a0\u00bb][vc_column][vc_empty_space][vc_column_text]<\/p>\n<h3>Saint-Marin, une excursion entre l\u00e9gende et r\u00e9alit\u00e9<\/h3>\n<p>Telle une pr\u00e9cieuse boutonni\u00e8re ins\u00e9r\u00e9e dans un passe-partout particulier, celui du panorama romagnol, <strong>Saint-Marin<\/strong> se distingue par son aspect et par le riche bagage de traditions qu&rsquo;elle conserve jalousement, mais qu&rsquo;elle offre gracieusement aux yeux du visiteur qui part \u00e0 sa d\u00e9couverte.<\/p>\n<p>Saint-Marin, nation autonome situ\u00e9e entre la Romagne et les Marches, offre un acc\u00e8s libre \u00e0 tous ceux qui souhaitent la visiter. Elle se trouve \u00e0 700 m\u00e8tres d&rsquo;altitude sur le <strong>mont Titano<\/strong>, dominant les vall\u00e9es du Montefeltro.<\/p>\n<p>De loin d\u00e9j\u00e0, on peut remarquer l&rsquo;architecture m\u00e9di\u00e9vale qui caract\u00e9rise les b\u00e2timents de cet endroit, d&rsquo;o\u00f9 se dressent trois tours, reli\u00e9es par une s\u00e9rie de remparts construits dans l&rsquo;Antiquit\u00e9 pour prot\u00e9ger le territoire.<br \/>Aujourd&rsquo;hui encore, on peut admirer les constructions en pierre particuli\u00e8res typiques du Moyen \u00c2ge, qui t\u00e9moignent clairement d&rsquo;un art, celui des tailleurs de pierre, qui conserve ses traditions.<\/p>\n<p>Une fois arriv\u00e9 dans le centre historique de Saint-Marin, on ne peut s&#8217;emp\u00eacher d&rsquo;admirer la Basilique du Saint, datant de 1826, et l&rsquo;\u00e9glise Saint-Fran\u00e7ois, la plus ancienne du pays.<br \/>Le <strong>Palais public de Saint-Marin<\/strong> est situ\u00e9 sur la Piazza della Libert\u00e0, une terrasse panoramique d&rsquo;o\u00f9 l&rsquo;on peut profiter d&rsquo;une vue splendide qui s&rsquo;\u00e9tend de la c\u00f4te adriatique aux Apennins.<\/p>\n<p>Le Mus\u00e9e national de la Piazza Titano conserve d&rsquo;importantes pi\u00e8ces qui t\u00e9moignent de l&rsquo;\u00e9volution de ce village particulier.<\/p>\n<p>Trois forteresses dominent San Marino et ses environs par leur imposante stature : la <strong>Prima Torre<\/strong>, la <strong>Rocca Cesta<\/strong>, avec son incontournable mus\u00e9e des armes, et la <strong>Rocca Montale<\/strong>.<br \/>Et dans les ruelles qui forment un r\u00e9seau dense entre ces trois anciens bastions, chaque ann\u00e9e en septembre, on respire une atmosph\u00e8re particuli\u00e8re, celle de la f\u00eate nationale. \u00c0 cette occasion, il est possible de voir un groupe de jongleurs de drapeaux et d&rsquo;archers qui, rappelant une ancienne tradition du pays, d\u00e9filent et se produisent dans un spectacle d&rsquo;autrefois.<\/p>\n<p>C&rsquo;est alors que commencent les <strong>Journ\u00e9es m\u00e9di\u00e9vales de Saint-Marin<\/strong>, qui, en tant qu&rsquo;\u00e9v\u00e9nement phare, proposent un spectacle passionnant \u00e0 la <strong>Cava dei Balestrieri<\/strong>, o\u00f9 un groupe de jeunes bien entra\u00een\u00e9s s&rsquo;affrontent dans un tournoi avec l&rsquo;arme qui a toujours symbolis\u00e9 le principal outil de d\u00e9fense antique du village.<\/p>\n<p>D\u00e9couvrez Saint-Marin \u00e0 travers ses lieux et ses \u00e9v\u00e9nements, vous vivrez une exp\u00e9rience inoubliable. En s\u00e9journant \u00e0 l&rsquo;<strong>Albergo Ardesia di Bellariva, vous n&rsquo;\u00eates qu&rsquo;\u00e0 quelques minutes<\/strong> de la ville ![\/vc_column_text][vc_empty_space][\/vc_column][\/vc_row]<\/p>\n<\/div>","protected":false},"excerpt":{"rendered":"<p>[vc_row css_animation=\u00a0\u00bb\u00a0\u00bb row_type=\u00a0\u00bbrow\u00a0\u00bb use_row_as_full_screen_section=\u00a0\u00bbno\u00a0\u00bb type=\u00a0\u00bbfull_width\u00a0\u00bb angled_section=\u00a0\u00bbno\u00a0\u00bb text_align=\u00a0\u00bbleft\u00a0\u00bb background_image_as_pattern=\u00a0\u00bbwithout_pattern\u00a0\u00bb][vc_column][vc_empty_space][vc_column_text] Saint-Marin, une excursion entre l\u00e9gende et r\u00e9alit\u00e9 Telle une pr\u00e9cieuse boutonni\u00e8re ins\u00e9r\u00e9e dans un passe-partout particulier, celui du panorama romagnol, Saint-Marin se distingue par son aspect et par le riche bagage de traditions qu&rsquo;elle conserve jalousement, mais&#8230;<\/p>\n","protected":false},"author":1,"featured_media":0,"parent":0,"menu_order":0,"comment_status":"closed","ping_status":"closed","template":"","meta":{"_monsterinsights_skip_tracking":false,"_monsterinsights_sitenote_active":false,"_monsterinsights_sitenote_note":"","_monsterinsights_sitenote_category":0,"footnotes":""},"class_list":["post-4234","page","type-page","status-publish","hentry"],"aioseo_notices":[],"_links":{"self":[{"href":"https:\/\/hotelardesia.com\/fr\/wp-json\/wp\/v2\/pages\/4234","targetHints":{"allow":["GET"]}}],"collection":[{"href":"https:\/\/hotelardesia.com\/fr\/wp-json\/wp\/v2\/pages"}],"about":[{"href":"https:\/\/hotelardesia.com\/fr\/wp-json\/wp\/v2\/types\/page"}],"author":[{"embeddable":true,"href":"https:\/\/hotelardesia.com\/fr\/wp-json\/wp\/v2\/users\/1"}],"replies":[{"embeddable":true,"href":"https:\/\/hotelardesia.com\/fr\/wp-json\/wp\/v2\/comments?post=4234"}],"version-history":[{"count":0,"href":"https:\/\/hotelardesia.com\/fr\/wp-json\/wp\/v2\/pages\/4234\/revisions"}],"wp:attachment":[{"href":"https:\/\/hotelardesia.com\/fr\/wp-json\/wp\/v2\/media?parent=4234"}],"curies":[{"name":"wp","href":"https:\/\/api.w.org\/{rel}","templated":true}]}}