{"id":4241,"date":"2025-12-15T22:01:03","date_gmt":"2025-12-15T21:01:03","guid":{"rendered":"https:\/\/hotelardesia.com\/hotel-face-a-la-mer-rimini"},"modified":"2025-12-15T22:01:03","modified_gmt":"2025-12-15T21:01:03","slug":"hotel-face-a-la-mer-rimini","status":"publish","type":"page","link":"https:\/\/hotelardesia.com\/fr\/hotel-face-a-la-mer-rimini","title":{"rendered":"Un h\u00f4tel en bord de mer \u00e0 Rimini pour des vacances relaxantes"},"content":{"rendered":"<div class=\"wpb-content-wrapper\"><p>[vc_row css_animation=\u00a0\u00bb\u00a0\u00bb row_type=\u00a0\u00bbrow\u00a0\u00bb use_row_as_full_screen_section=\u00a0\u00bbno\u00a0\u00bb type=\u00a0\u00bbfull_width\u00a0\u00bb angled_section=\u00a0\u00bbno\u00a0\u00bb text_align=\u00a0\u00bbleft\u00a0\u00bb background_image_as_pattern=\u00a0\u00bbwithout_pattern\u00a0\u00bb][vc_column][vc_empty_space][vc_column_text]<\/p>\n<h3>Un h\u00f4tel en bord de mer \u00e0 Rimini pour des vacances reposantes<\/h3>\n<p>Profiter de toutes les attractions d&rsquo;une ville comme Rimini \u00e0 deux pas n&rsquo;est pas difficile lorsque vous s\u00e9journez dans <strong>notre h\u00f4tel \u00e0 Bellariva<\/strong>.<br \/>En effet, depuis cet endroit, vous pourrez facilement vous d\u00e9placer, notamment gr\u00e2ce aux v\u00e9los que nous mettons \u00e0 votre disposition, pour rejoindre le centre-ville ou d\u00e9couvrir les aspects moins connus de Rimini, comme son magnifique Borgo San Giuliano, qui a inspir\u00e9 une partie de l&rsquo;\u0153uvre de Federico Fellini, c\u00e9l\u00e8bre enfant de cette ville.<br \/>Notre <strong>h\u00f4tel en bord de mer \u00e0 Rimini<\/strong> sera \u00e9galement le point de d\u00e9part id\u00e9al pour profiter au mieux de vos vacances \u00e0 la plage : gr\u00e2ce \u00e0 nos cabines, vous n&rsquo;aurez \u00e0 vous soucier de rien d&rsquo;autre que de bronzer et de vous amuser.<br \/>Gr\u00e2ce aux nombreuses activit\u00e9s qui animent la vie des baigneurs le long du littoral de Rimini, vous ne vous ennuierez pas un seul instant.<br \/>Pour vous reposer, rien de mieux qu&rsquo;une longue promenade sur le rivage, baign\u00e9 par le soleil et doucement rafra\u00eechi par l&rsquo;eau de notre mer.<\/p>\n<p>Une fois le soleil couch\u00e9, Rimini vous offrira la possibilit\u00e9 de vivre le front de mer d&rsquo;une mani\u00e8re diff\u00e9rente et amusante, entre jeux, promenades et lieux o\u00f9 passer une soir\u00e9e agr\u00e9ablement relaxante.<br \/>Sans oublier la pr\u00e9sence, \u00e0 quelques kilom\u00e8tres de la ville, de nombreuses attractions pour les enfants de tous \u00e2ges, des villes et villages cach\u00e9s dans les environs aux c\u00e9l\u00e8bres parcs d&rsquo;attractions qui accueillent chaque ann\u00e9e des milliers de touristes d\u00e9sireux de s&rsquo;amuser sans souci.<\/p>\n<p>Tout cela \u00e0 quelques pas de notre <strong>h\u00f4tel familial \u00e0 Rimini<\/strong>, le point de d\u00e9part qui vous garantira des vacances inoubliables avec vos enfants sur la Riviera romagnole.[\/vc_column_text][vc_empty_space][\/vc_column][\/vc_row]<\/p>\n<\/div>","protected":false},"excerpt":{"rendered":"<p>[vc_row css_animation=\u00a0\u00bb\u00a0\u00bb row_type=\u00a0\u00bbrow\u00a0\u00bb use_row_as_full_screen_section=\u00a0\u00bbno\u00a0\u00bb type=\u00a0\u00bbfull_width\u00a0\u00bb angled_section=\u00a0\u00bbno\u00a0\u00bb text_align=\u00a0\u00bbleft\u00a0\u00bb background_image_as_pattern=\u00a0\u00bbwithout_pattern\u00a0\u00bb][vc_column][vc_empty_space][vc_column_text] Un h\u00f4tel en bord de mer \u00e0 Rimini pour des vacances reposantes Profiter de toutes les attractions d&rsquo;une ville comme Rimini \u00e0 deux pas n&rsquo;est pas difficile lorsque vous s\u00e9journez dans notre h\u00f4tel \u00e0 Bellariva.En effet, depuis&#8230;<\/p>\n","protected":false},"author":1,"featured_media":0,"parent":0,"menu_order":0,"comment_status":"closed","ping_status":"closed","template":"full_width.php","meta":{"_monsterinsights_skip_tracking":false,"_monsterinsights_sitenote_active":false,"_monsterinsights_sitenote_note":"","_monsterinsights_sitenote_category":0,"footnotes":""},"class_list":["post-4241","page","type-page","status-publish","hentry"],"aioseo_notices":[],"_links":{"self":[{"href":"https:\/\/hotelardesia.com\/fr\/wp-json\/wp\/v2\/pages\/4241","targetHints":{"allow":["GET"]}}],"collection":[{"href":"https:\/\/hotelardesia.com\/fr\/wp-json\/wp\/v2\/pages"}],"about":[{"href":"https:\/\/hotelardesia.com\/fr\/wp-json\/wp\/v2\/types\/page"}],"author":[{"embeddable":true,"href":"https:\/\/hotelardesia.com\/fr\/wp-json\/wp\/v2\/users\/1"}],"replies":[{"embeddable":true,"href":"https:\/\/hotelardesia.com\/fr\/wp-json\/wp\/v2\/comments?post=4241"}],"version-history":[{"count":0,"href":"https:\/\/hotelardesia.com\/fr\/wp-json\/wp\/v2\/pages\/4241\/revisions"}],"wp:attachment":[{"href":"https:\/\/hotelardesia.com\/fr\/wp-json\/wp\/v2\/media?parent=4241"}],"curies":[{"name":"wp","href":"https:\/\/api.w.org\/{rel}","templated":true}]}}