{"id":4244,"date":"2025-12-15T22:01:06","date_gmt":"2025-12-15T21:01:06","guid":{"rendered":"https:\/\/hotelardesia.com\/salon-rimini-wellness"},"modified":"2025-12-15T22:01:06","modified_gmt":"2025-12-15T21:01:06","slug":"salon-rimini-wellness","status":"publish","type":"page","link":"https:\/\/hotelardesia.com\/fr\/salon-rimini-wellness","title":{"rendered":"Salon Rimini Wellness : le bien-\u00eatre au quotidien"},"content":{"rendered":"<div class=\"wpb-content-wrapper\"><p>[vc_row css_animation=\u00a0\u00bb\u00a0\u00bb row_type=\u00a0\u00bbrow\u00a0\u00bb use_row_as_full_screen_section=\u00a0\u00bbno\u00a0\u00bb type=\u00a0\u00bbfull_width\u00a0\u00bb angled_section=\u00a0\u00bbno\u00a0\u00bb text_align=\u00a0\u00bbleft\u00a0\u00bb background_image_as_pattern=\u00a0\u00bbwithout_pattern\u00a0\u00bb][vc_column][vc_empty_space][vc_column_text]<\/p>\n<h3>Salon Rimini Wellness : le bien-\u00eatre au quotidien<\/h3>\n<p>Rimini Wellness organise chaque ann\u00e9e en mai un \u00e9v\u00e9nement unique au parc des expositions de Rimini, un rendez-vous d\u00e9di\u00e9 au bien-\u00eatre du corps et de l&rsquo;esprit qui m\u00eale les ingr\u00e9dients du sport, du bien-\u00eatre et du fitness pour proposer des id\u00e9es, des solutions et des conseils utiles.<\/p>\n<p>Le public auquel s&rsquo;adresse Rimini Wellness est celui des grands \u00e9v\u00e9nements, mais avec une particularit\u00e9. En effet, le salon s&rsquo;articule autour de deux grands domaines, <strong>WFUN<\/strong> et <strong>WPRO<\/strong>, respectivement d\u00e9di\u00e9s au grand public, toujours \u00e0 la recherche du bien-\u00eatre, et au business to business, c&rsquo;est-\u00e0-dire un domaine d&rsquo;\u00e9change et de collaboration entre experts du secteur.<\/p>\n<p>C&rsquo;est un salon qui propose \u00e0 son public des <strong>expositions et des d\u00e9monstrations<\/strong> de toutes sortes, qu&rsquo;il s&rsquo;agisse du rythme effr\u00e9n\u00e9 des spinners, des mouvements nettement plus calmes du yoga, de la fit education et des entra\u00eenements sur sc\u00e8ne qui proposent des exercices de gymnastique et des exercices utiles au bien-\u00eatre du corps, pour finir par des d\u00e9monstrations d&rsquo;escrime ou des spectacles de danse.<\/p>\n<p>De nombreuses nouveaut\u00e9s viennent \u00e9galement enrichir chaque ann\u00e9e Rimini Wellness d&rsquo;une touche d&rsquo;originalit\u00e9, comme le Film Fest, une v\u00e9ritable cin\u00e9-th\u00e9rapie qui permet au public de patienter avant le d\u00e9but d&rsquo;un film avec des s\u00e9ances de chromoth\u00e9rapie ou d&rsquo;aromath\u00e9rapie sp\u00e9cialement con\u00e7ues pour une meilleure appr\u00e9ciation du spectacle.<\/p>\n<p>En somme, tout dans ce salon est pens\u00e9 pour red\u00e9couvrir le bien-\u00eatre et la d\u00e9tente sous toutes ses formes. En effet, outre les sports, les exercices et les traitements, Rimini Wellness rassemble des sponsors qui proposent de nouvelles id\u00e9es en mati\u00e8re de <strong>v\u00eatements<\/strong> de sport, d&rsquo;\u00e9quipements pour les salles de sport et les centres de bien-\u00eatre, et de <strong>vacances<\/strong> sous le signe du bien-\u00eatre.<\/p>\n<p>Il est facile de se rendre au parc des expositions de Rimini : en bus depuis la gare centrale de Rimini, Rimini sud et Rimini nord, les liaisons sont r\u00e9guli\u00e8res ; en train, il est possible d&rsquo;arriver directement au parc des expositions gr\u00e2ce \u00e0 un arr\u00eat sp\u00e9cial. De plus, ceux qui se rendent au salon en train b\u00e9n\u00e9ficieront d&rsquo;une r\u00e9duction sp\u00e9ciale pour acc\u00e9der \u00e0 Rimini Wellness. Pour ceux qui viennent en voiture, un grand parking est disponible devant le parc des expositions.<br \/>Ne manquez pas ce rendez-vous avec la sant\u00e9 et le bien-\u00eatre, l&rsquo;Albergo Ardesia vous attend \u00e0 deux pas du parc des expositions de Rimini, pour un s\u00e9jour confortable et relaxant.[\/vc_column_text][vc_empty_space][\/vc_column][\/vc_row]<\/p>\n<\/div>","protected":false},"excerpt":{"rendered":"<p>[vc_row css_animation=\u00a0\u00bb\u00a0\u00bb row_type=\u00a0\u00bbrow\u00a0\u00bb use_row_as_full_screen_section=\u00a0\u00bbno\u00a0\u00bb type=\u00a0\u00bbfull_width\u00a0\u00bb angled_section=\u00a0\u00bbno\u00a0\u00bb text_align=\u00a0\u00bbleft\u00a0\u00bb background_image_as_pattern=\u00a0\u00bbwithout_pattern\u00a0\u00bb][vc_column][vc_empty_space][vc_column_text] Salon Rimini Wellness : le bien-\u00eatre au quotidien Rimini Wellness organise chaque ann\u00e9e en mai un \u00e9v\u00e9nement unique au parc des expositions de Rimini, un rendez-vous d\u00e9di\u00e9 au bien-\u00eatre du corps et de l&rsquo;esprit qui m\u00eale les&#8230;<\/p>\n","protected":false},"author":1,"featured_media":0,"parent":0,"menu_order":0,"comment_status":"closed","ping_status":"closed","template":"","meta":{"_monsterinsights_skip_tracking":false,"_monsterinsights_sitenote_active":false,"_monsterinsights_sitenote_note":"","_monsterinsights_sitenote_category":0,"footnotes":""},"class_list":["post-4244","page","type-page","status-publish","hentry"],"aioseo_notices":[],"_links":{"self":[{"href":"https:\/\/hotelardesia.com\/fr\/wp-json\/wp\/v2\/pages\/4244","targetHints":{"allow":["GET"]}}],"collection":[{"href":"https:\/\/hotelardesia.com\/fr\/wp-json\/wp\/v2\/pages"}],"about":[{"href":"https:\/\/hotelardesia.com\/fr\/wp-json\/wp\/v2\/types\/page"}],"author":[{"embeddable":true,"href":"https:\/\/hotelardesia.com\/fr\/wp-json\/wp\/v2\/users\/1"}],"replies":[{"embeddable":true,"href":"https:\/\/hotelardesia.com\/fr\/wp-json\/wp\/v2\/comments?post=4244"}],"version-history":[{"count":0,"href":"https:\/\/hotelardesia.com\/fr\/wp-json\/wp\/v2\/pages\/4244\/revisions"}],"wp:attachment":[{"href":"https:\/\/hotelardesia.com\/fr\/wp-json\/wp\/v2\/media?parent=4244"}],"curies":[{"name":"wp","href":"https:\/\/api.w.org\/{rel}","templated":true}]}}