{"id":4247,"date":"2025-12-15T22:02:02","date_gmt":"2025-12-15T21:02:02","guid":{"rendered":"https:\/\/hotelardesia.com\/centre-medical-rimini-nouvelle-recherche"},"modified":"2025-12-15T22:02:51","modified_gmt":"2025-12-15T21:02:51","slug":"polyclinique-rimini-nouvelle-recherche","status":"publish","type":"page","link":"https:\/\/hotelardesia.com\/fr\/polyclinique-rimini-nouvelle-recherche","title":{"rendered":"Rejoindre la clinique Nuova Ricerca de Rimini depuis l&rsquo;h\u00f4tel Ardesia"},"content":{"rendered":"<div class=\"wpb-content-wrapper\"><p>[vc_row css_animation=\u00a0\u00bb\u00a0\u00bb row_type=\u00a0\u00bbrow\u00a0\u00bb use_row_as_full_screen_section=\u00a0\u00bbno\u00a0\u00bb type=\u00a0\u00bbfull_width\u00a0\u00bb angled_section=\u00a0\u00bbno\u00a0\u00bb text_align=\u00a0\u00bbleft\u00a0\u00bb background_image_as_pattern=\u00a0\u00bbwithout_pattern\u00a0\u00bb][vc_column][vc_empty_space][vc_column_text]<\/p>\n<h3>Comment se rendre au <a href=\"https:\/\/www.nuovaricerca.com\/\">Poliambulatorio Nuova Ricerca<\/a> de Rimini depuis l&rsquo;h\u00f4tel Ardesia<\/h3>\n<p>Situ\u00e9 au centre-ville de <strong>Rimini<\/strong>, <strong>Nuova Ricerca<\/strong> est un <strong>centre m\u00e9dical<\/strong> priv\u00e9 pluridisciplinaire, dot\u00e9 d&rsquo;un laboratoire d&rsquo;analyses et d&rsquo;un service de chirurgie ambulatoire.<br \/>Gr\u00e2ce \u00e0 son emplacement en centre-ville, l&rsquo;\u00e9tablissement est facilement accessible en voiture. Il est entour\u00e9 d&rsquo;un parc verdoyant et dispose d&rsquo;un grand parking \u00e0 la disposition des visiteurs. De plus, son acc\u00e8s est facile, m\u00eame pour les personnes \u00e0 mobilit\u00e9 r\u00e9duite.<\/p>\n<p>Il s&rsquo;agit de l&rsquo;un des centres m\u00e9dicaux les plus avanc\u00e9s d&rsquo;Italie en termes de technologies utilis\u00e9es et de prestations m\u00e9dicales fournies. Son personnel hautement sp\u00e9cialis\u00e9 et exp\u00e9riment\u00e9 assiste les patients lors des visites diagnostiques et pendant leur s\u00e9jour.<\/p>\n<p>L&rsquo;institut m\u00e9dical offre des services de polyclinique, de <strong>diagnostic<\/strong>, de chirurgie ambulatoire et de <strong>laboratoire de m\u00e9decine<\/strong>. Les activit\u00e9s men\u00e9es comprennent donc des analyses cliniques \u00e0 des fins diagnostiques, de la chirurgie ambulatoire, de la microchirurgie oculaire et des interventions m\u00e9dicales pour le traitement des hernies, des varices et d&rsquo;autres pathologies.<\/p>\n<p>L&rsquo;espace \u00e0 l&rsquo;int\u00e9rieur du centre m\u00e9dical Nuova Ricerca est organis\u00e9 de mani\u00e8re logique, afin de pr\u00e9server l&rsquo;intimit\u00e9 des patients ; le service d&rsquo;accueil fournit des informations utiles et est \u00e0 l&rsquo;enti\u00e8re disposition des patients, les salles d&rsquo;attente et les chambres d&rsquo;hospitalisation sont confortables et r\u00e9serv\u00e9es.<\/p>\n<p>\u00c0 Bellariva, \u00e0 quelques minutes du centre-ville et du centre m\u00e9dical Nuova Ricerca, l&rsquo;h\u00f4tel Ardesia offre un s\u00e9jour paisible et serein \u00e0 ceux qui accompagnent les patients, avec des chambres lumineuses et des services fonctionnels ; l&rsquo;h\u00f4tel est bien reli\u00e9 au centre de Rimini par les transports publics.[\/vc_column_text][vc_empty_space][\/vc_column][\/vc_row]<\/p>\n<\/div>","protected":false},"excerpt":{"rendered":"<p>[vc_row css_animation=\u00a0\u00bb\u00a0\u00bb row_type=\u00a0\u00bbrow\u00a0\u00bb use_row_as_full_screen_section=\u00a0\u00bbno\u00a0\u00bb type=\u00a0\u00bbfull_width\u00a0\u00bb angled_section=\u00a0\u00bbno\u00a0\u00bb text_align=\u00a0\u00bbleft\u00a0\u00bb background_image_as_pattern=\u00a0\u00bbwithout_pattern\u00a0\u00bb][vc_column][vc_empty_space][vc_column_text] Comment se rendre au Poliambulatorio Nuova Ricerca de Rimini depuis l&rsquo;h\u00f4tel Ardesia Situ\u00e9 au centre-ville de Rimini, Nuova Ricerca est un centre m\u00e9dical priv\u00e9 pluridisciplinaire, dot\u00e9 d&rsquo;un laboratoire d&rsquo;analyses et d&rsquo;un service de chirurgie ambulatoire.Gr\u00e2ce \u00e0 son&#8230;<\/p>\n","protected":false},"author":1,"featured_media":0,"parent":0,"menu_order":0,"comment_status":"closed","ping_status":"closed","template":"","meta":{"_monsterinsights_skip_tracking":false,"_monsterinsights_sitenote_active":false,"_monsterinsights_sitenote_note":"","_monsterinsights_sitenote_category":0,"footnotes":""},"class_list":["post-4247","page","type-page","status-publish","hentry"],"aioseo_notices":[],"_links":{"self":[{"href":"https:\/\/hotelardesia.com\/fr\/wp-json\/wp\/v2\/pages\/4247","targetHints":{"allow":["GET"]}}],"collection":[{"href":"https:\/\/hotelardesia.com\/fr\/wp-json\/wp\/v2\/pages"}],"about":[{"href":"https:\/\/hotelardesia.com\/fr\/wp-json\/wp\/v2\/types\/page"}],"author":[{"embeddable":true,"href":"https:\/\/hotelardesia.com\/fr\/wp-json\/wp\/v2\/users\/1"}],"replies":[{"embeddable":true,"href":"https:\/\/hotelardesia.com\/fr\/wp-json\/wp\/v2\/comments?post=4247"}],"version-history":[{"count":0,"href":"https:\/\/hotelardesia.com\/fr\/wp-json\/wp\/v2\/pages\/4247\/revisions"}],"wp:attachment":[{"href":"https:\/\/hotelardesia.com\/fr\/wp-json\/wp\/v2\/media?parent=4247"}],"curies":[{"name":"wp","href":"https:\/\/api.w.org\/{rel}","templated":true}]}}