{"id":4261,"date":"2025-12-15T22:03:19","date_gmt":"2025-12-15T21:03:19","guid":{"rendered":"https:\/\/hotelardesia.com\/chambre-avec-petit-dejeuner-rimini"},"modified":"2026-04-17T23:42:08","modified_gmt":"2026-04-17T21:42:08","slug":"chambre-avec-petit-dejeuner-rimini","status":"publish","type":"page","link":"https:\/\/hotelardesia.com\/fr\/chambre-avec-petit-dejeuner-rimini","title":{"rendered":"Hotel Bed and Breakfast Rimini ideale per Famiglie con Bambini"},"content":{"rendered":"<div class=\"wpb-content-wrapper\"><p>[vc_row css_animation=\u00a0\u00bb\u00a0\u00bb row_type=\u00a0\u00bbrow\u00a0\u00bb use_row_as_full_screen_section=\u00a0\u00bbno\u00a0\u00bb type=\u00a0\u00bbfull_width\u00a0\u00bb angled_section=\u00a0\u00bbno\u00a0\u00bb text_align=\u00a0\u00bbleft\u00a0\u00bb background_image_as_pattern=\u00a0\u00bbwithout_pattern\u00a0\u00bb][vc_column][vc_empty_space][vc_column_text css=\u00a0\u00bb\u00a0\u00bb]<\/p>\n<h3>H\u00f4tel \u00e0 Rimini id\u00e9al pour les familles avec enfants<\/h3>\n<p>Bellariva di Rimini est une station baln\u00e9aire situ\u00e9e pr\u00e8s de Marina Centro, dans l&rsquo;une des zones les plus fr\u00e9quent\u00e9es et centrales de la c\u00f4te de Rimini. En s\u00e9journant dans notre h\u00f4tel \u00e0 Bellariva di Rimini, vous disposerez de cabines sur la plage \u00e9quip\u00e9e, o\u00f9 vous pourrez passer tout le temps que vous souhaitez gr\u00e2ce aux nombreux \u00e9quipements, aux nombreux magasins situ\u00e9s sur le front de mer, aux bo\u00eetes de nuit o\u00f9 vous pourrez danser et vous amuser jusqu&rsquo;\u00e0 tard dans la nuit.<\/p>\n<p>Passer ses vacances dans un h\u00f4tel \u00e0 <strong>Bellariva di Rimini<\/strong> signifie choisir l&rsquo;un des quartiers les plus anim\u00e9s de la ville romagnole, fr\u00e9quent\u00e9 aussi bien par les jeunes que par les familles. L&rsquo;h\u00f4tel Ardesia offre en effet de nombreux services con\u00e7us sp\u00e9cialement pour les enfants, aussi bien les plus grands que les tout-petits, tels que des menus personnalis\u00e9s pour les enfants au restaurant, des chambres spacieuses et lumineuses adapt\u00e9es aux familles, des v\u00e9los avec des si\u00e8ges pour transporter les plus petits. L&rsquo;h\u00f4tel est l&rsquo;un des h\u00f4tels pour enfants les plus appr\u00e9ci\u00e9s de Rimini, notamment gr\u00e2ce \u00e0 son emplacement strat\u00e9gique \u00e0 proximit\u00e9 des parcs d&rsquo;attractions de la Romagne. En s\u00e9journant \u00e0 l&rsquo;h\u00f4tel Ardesia, vos enfants garderont un souvenir inoubliable de Rimini, surtout si vous leur faites passer une journ\u00e9e parmi les merveilles de Fiabilandia et Italia in Miniatura, les toboggans aquatiques d&rsquo;Aquafan et les spectacles du delphinarium.<\/p>\n<p>Notre <strong>h\u00f4tel \u00e0 Rimini propose des tarifs chambre et petit-d\u00e9jeuner<\/strong>, avec des formules de vacances con\u00e7ues aussi bien pour les familles que pour ceux qui voyagent seuls ou en couple. Les services inclus dans le prix sont, outre le petit-d\u00e9jeuner, des chambres spacieuses et confortables avec balcon, une connexion Wi-Fi dans tout l&rsquo;h\u00f4tel, des cabines de plage au Bagno Vittorio 88, une terrasse avec jardin pour les moments de d\u00e9tente. Un h\u00f4tel \u00e0 <strong>Rimini avec chambre et petit-d\u00e9jeuner<\/strong> comme l&rsquo;Ardesia est une occasion \u00e0 ne pas manquer pour des vacances \u00e0 la mer \u00e0 un prix abordable dans l&rsquo;une des localit\u00e9s les plus enthousiasmantes de la c\u00f4te romagnole.[\/vc_column_text][vc_empty_space][\/vc_column][\/vc_row]<\/p>\n<\/div>","protected":false},"excerpt":{"rendered":"<p>[vc_row css_animation=\u00a0\u00bb\u00a0\u00bb row_type=\u00a0\u00bbrow\u00a0\u00bb use_row_as_full_screen_section=\u00a0\u00bbno\u00a0\u00bb type=\u00a0\u00bbfull_width\u00a0\u00bb angled_section=\u00a0\u00bbno\u00a0\u00bb text_align=\u00a0\u00bbleft\u00a0\u00bb background_image_as_pattern=\u00a0\u00bbwithout_pattern\u00a0\u00bb][vc_column][vc_empty_space][vc_column_text css=\u00a0\u00bb\u00a0\u00bb] H\u00f4tel \u00e0 Rimini id\u00e9al pour les familles avec enfants Bellariva di Rimini est une station baln\u00e9aire situ\u00e9e pr\u00e8s de Marina Centro, dans l&rsquo;une des zones les plus fr\u00e9quent\u00e9es et centrales de la c\u00f4te de Rimini. En&#8230;<\/p>\n","protected":false},"author":1,"featured_media":0,"parent":0,"menu_order":0,"comment_status":"closed","ping_status":"closed","template":"","meta":{"_monsterinsights_skip_tracking":false,"_monsterinsights_sitenote_active":false,"_monsterinsights_sitenote_note":"","_monsterinsights_sitenote_category":0,"footnotes":""},"class_list":["post-4261","page","type-page","status-publish","hentry"],"aioseo_notices":[],"_links":{"self":[{"href":"https:\/\/hotelardesia.com\/fr\/wp-json\/wp\/v2\/pages\/4261","targetHints":{"allow":["GET"]}}],"collection":[{"href":"https:\/\/hotelardesia.com\/fr\/wp-json\/wp\/v2\/pages"}],"about":[{"href":"https:\/\/hotelardesia.com\/fr\/wp-json\/wp\/v2\/types\/page"}],"author":[{"embeddable":true,"href":"https:\/\/hotelardesia.com\/fr\/wp-json\/wp\/v2\/users\/1"}],"replies":[{"embeddable":true,"href":"https:\/\/hotelardesia.com\/fr\/wp-json\/wp\/v2\/comments?post=4261"}],"version-history":[{"count":2,"href":"https:\/\/hotelardesia.com\/fr\/wp-json\/wp\/v2\/pages\/4261\/revisions"}],"predecessor-version":[{"id":5118,"href":"https:\/\/hotelardesia.com\/fr\/wp-json\/wp\/v2\/pages\/4261\/revisions\/5118"}],"wp:attachment":[{"href":"https:\/\/hotelardesia.com\/fr\/wp-json\/wp\/v2\/media?parent=4261"}],"curies":[{"name":"wp","href":"https:\/\/api.w.org\/{rel}","templated":true}]}}