{"id":4264,"date":"2025-12-15T22:04:11","date_gmt":"2025-12-15T21:04:11","guid":{"rendered":"https:\/\/hotelardesia.com\/hotel-economique-rimini"},"modified":"2025-12-15T22:04:11","modified_gmt":"2025-12-15T21:04:11","slug":"hotel-economique-rimini","status":"publish","type":"page","link":"https:\/\/hotelardesia.com\/fr\/hotel-economique-rimini","title":{"rendered":"Notre h\u00f4tel \u00e9conomique \u00e0 Rimini est ouvert toute l&rsquo;ann\u00e9e."},"content":{"rendered":"<div class=\"wpb-content-wrapper\"><p>[vc_row css_animation=\u00a0\u00bb\u00a0\u00bb row_type=\u00a0\u00bbrow\u00a0\u00bb use_row_as_full_screen_section=\u00a0\u00bbno\u00a0\u00bb type=\u00a0\u00bbfull_width\u00a0\u00bb angled_section=\u00a0\u00bbno\u00a0\u00bb text_align=\u00a0\u00bbleft\u00a0\u00bb background_image_as_pattern=\u00a0\u00bbwithout_pattern\u00a0\u00bb][vc_column][vc_empty_space][vc_column_text]<\/p>\n<h3>Notre h\u00f4tel \u00e9conomique \u00e0 Rimini est ouvert toute l&rsquo;ann\u00e9e<\/h3>\n<p>L&rsquo;Albergo Ardesia est un<strong> h\u00f4tel \u00e9conomique \u00e0 Rimini<\/strong> situ\u00e9 dans la localit\u00e9 de Bellariva, entour\u00e9 de verdure et \u00e0 quelques m\u00e8tres de la mer et du centre-ville. Gr\u00e2ce \u00e0 sa proximit\u00e9 avec le Centre des congr\u00e8s et le Parc des expositions de Rimini, cet h\u00f4tel de Rimini est <strong>ouvert toute l&rsquo;ann\u00e9e<\/strong>. En effet, nombreux sont ceux qui viennent dans la ville pour le travail et pr\u00e9f\u00e8rent s\u00e9journer dans un <strong>h\u00f4tel proche du Parc des expositions de Rimini<\/strong>, afin de pouvoir s&rsquo;y rendre en quelques minutes avec les navettes urbaines.<\/p>\n<p>Un h\u00f4tel pr\u00e8s du parc des expositions de Rimini est parfait surtout pour ceux qui, en tant qu&rsquo;exposants ou visiteurs, doivent rester au parc des expositions toute la journ\u00e9e. En s\u00e9journant \u00e0 l&rsquo;Ardesia, vous aurez la possibilit\u00e9 de faire une pause, en retournant \u00e0 l&rsquo;h\u00f4tel \u00e0 tout moment de la journ\u00e9e.<\/p>\n<p>Mais l&rsquo;Ardesia est \u00e9galement un <strong>h\u00f4tel \u00e9conomique \u00e0 Rimini<\/strong> o\u00f9 vous pourrez passer de merveilleuses vacances en famille sur la c\u00f4te romagnole, un h\u00f4tel de Rimini ouvert toute l&rsquo;ann\u00e9e pour profiter des beaut\u00e9s et des attractions de Rimini et de son arri\u00e8re-pays. Parmi les services propos\u00e9s, citons la plage conventionn\u00e9e toute proche (Bagno Vittorio 88) avec des cabines pour les clients de l&rsquo;h\u00f4tel, la terrasse avec jardin pour se d\u00e9tendre, le Wi-Fi gratuit dans tout l&rsquo;h\u00f4tel, les v\u00e9los \u00e0 disposition pour visiter le centre historique voisin ou le front de mer.<\/p>\n<p>L&rsquo;h\u00f4tel Ardesia est \u00e9galement situ\u00e9 \u00e0 proximit\u00e9 des principaux parcs d&rsquo;attractions de la Romagne, notamment Italia in Miniatura, Fiabilandia, Aquafan et le delphinarium de Rimini, o\u00f9 vous pourrez passer des journ\u00e9es inoubliables avec vos enfants.<\/p>\n<p>Vous trouverez l&rsquo;Ardesia particuli\u00e8rement \u00e9conomique \u00e0 Rimini gr\u00e2ce \u00e0 ses offres sp\u00e9ciales fr\u00e9quentes, id\u00e9ales aussi bien pour les vacanciers que pour les voyageurs d&rsquo;affaires. Les offres concernent en effet les p\u00e9riodes de f\u00eates et les \u00e9v\u00e9nements de la Fiera di Rimini, dont le c\u00e9l\u00e8bre Rimini Welness.[\/vc_column_text][vc_empty_space][\/vc_column][\/vc_row]<\/p>\n<\/div>","protected":false},"excerpt":{"rendered":"<p>[vc_row css_animation=\u00a0\u00bb\u00a0\u00bb row_type=\u00a0\u00bbrow\u00a0\u00bb use_row_as_full_screen_section=\u00a0\u00bbno\u00a0\u00bb type=\u00a0\u00bbfull_width\u00a0\u00bb angled_section=\u00a0\u00bbno\u00a0\u00bb text_align=\u00a0\u00bbleft\u00a0\u00bb background_image_as_pattern=\u00a0\u00bbwithout_pattern\u00a0\u00bb][vc_column][vc_empty_space][vc_column_text] Notre h\u00f4tel \u00e9conomique \u00e0 Rimini est ouvert toute l&rsquo;ann\u00e9e L&rsquo;Albergo Ardesia est un h\u00f4tel \u00e9conomique \u00e0 Rimini situ\u00e9 dans la localit\u00e9 de Bellariva, entour\u00e9 de verdure et \u00e0 quelques m\u00e8tres de la mer et du centre-ville. Gr\u00e2ce&#8230;<\/p>\n","protected":false},"author":1,"featured_media":0,"parent":0,"menu_order":0,"comment_status":"closed","ping_status":"closed","template":"","meta":{"_monsterinsights_skip_tracking":false,"_monsterinsights_sitenote_active":false,"_monsterinsights_sitenote_note":"","_monsterinsights_sitenote_category":0,"footnotes":""},"class_list":["post-4264","page","type-page","status-publish","hentry"],"aioseo_notices":[],"_links":{"self":[{"href":"https:\/\/hotelardesia.com\/fr\/wp-json\/wp\/v2\/pages\/4264","targetHints":{"allow":["GET"]}}],"collection":[{"href":"https:\/\/hotelardesia.com\/fr\/wp-json\/wp\/v2\/pages"}],"about":[{"href":"https:\/\/hotelardesia.com\/fr\/wp-json\/wp\/v2\/types\/page"}],"author":[{"embeddable":true,"href":"https:\/\/hotelardesia.com\/fr\/wp-json\/wp\/v2\/users\/1"}],"replies":[{"embeddable":true,"href":"https:\/\/hotelardesia.com\/fr\/wp-json\/wp\/v2\/comments?post=4264"}],"version-history":[{"count":0,"href":"https:\/\/hotelardesia.com\/fr\/wp-json\/wp\/v2\/pages\/4264\/revisions"}],"wp:attachment":[{"href":"https:\/\/hotelardesia.com\/fr\/wp-json\/wp\/v2\/media?parent=4264"}],"curies":[{"name":"wp","href":"https:\/\/api.w.org\/{rel}","templated":true}]}}