{"id":4270,"date":"2025-12-15T22:05:03","date_gmt":"2025-12-15T21:05:03","guid":{"rendered":"https:\/\/hotelardesia.com\/vacances-en-famille-rimini"},"modified":"2025-12-15T22:05:05","modified_gmt":"2025-12-15T21:05:05","slug":"vacances-en-famille-rimini","status":"publish","type":"page","link":"https:\/\/hotelardesia.com\/fr\/vacances-en-famille-rimini","title":{"rendered":"Notre h\u00f4tel de vacances familial de r\u00eave \u00e0 Rimini"},"content":{"rendered":"<div class=\"wpb-content-wrapper\"><p>[vc_row css_animation=\u00a0\u00bb\u00a0\u00bb row_type=\u00a0\u00bbrow\u00a0\u00bb use_row_as_full_screen_section=\u00a0\u00bbno\u00a0\u00bb type=\u00a0\u00bbfull_width\u00a0\u00bb angled_section=\u00a0\u00bbno\u00a0\u00bb text_align=\u00a0\u00bbleft\u00a0\u00bb background_image_as_pattern=\u00a0\u00bbwithout_pattern\u00a0\u00bb][vc_column][vc_empty_space][vc_column_text]<\/p>\n<h3>Notre h\u00f4tel de vacances familial de r\u00eave \u00e0 Rimini<\/h3>\n<p><\/p>\n<p>Il n&rsquo;y a pas de meilleures vacances en famille \u00e0 Rimini que celles que vous passerez \u00e0 l&rsquo;Albergo Ardesia. Emmenez toute votre famille en vacances ici, dans la ville id\u00e9ale pour vous accueillir pendant vos vacances.<\/p>\n<p>D\u00e8s la plage, en effet, tout est adapt\u00e9 aux enfants : la quasi-totalit\u00e9 des \u00e9tablissements baln\u00e9aires ont en effet adopt\u00e9 un bracelet anti-perte pratique pour vous permettre de profiter de belles journ\u00e9es ensoleill\u00e9es en toute s\u00e9curit\u00e9 et offrir \u00e0 vos enfants des vacances joyeuses et insouciantes.<\/p>\n<p>En tant que clients de notre h\u00f4tel familial \u00e0 Rimini, vous n&rsquo;aurez aucun souci \u00e0 vous faire : des animations ad hoc et de petites structures \u00e9quip\u00e9es tout au long de la plage accompagneront les jeux des enfants, tandis que les grands, baign\u00e9s par le soleil, les regarderont rire allong\u00e9s sur leurs transats.<\/p>\n<p>Les nombreux parcs d&rsquo;attractions seront la destination id\u00e9ale pour tous ceux qui souhaitent passer des journ\u00e9es inoubliables \u00e0 partager avec toute la famille, comme dans le parc <span style=\"color: #dca879;\"><a style=\"color: #dca879;\" href=\"https:\/\/hotelardesia.com\/fr\/oltremare\">Oltremare de Riccione<\/a><\/span>, entre voyages dans les profondeurs de la mer et remont\u00e9es dans le temps \u00e0 la d\u00e9couverte de l&rsquo;\u00e9volution de la terre. <\/p>\n<p><\/p>\n<p>Ou encore au parc sensationnel de <span style=\"color: #dca879;\"><a style=\"color: #dca879;\" href=\u00ab \/mirabilandia \u00bb>Mirabilandia<\/a><\/span>, l&rsquo;un des plus connus d&rsquo;Europe, avec des attractions incomparables et exclusives, comme l&rsquo;Ispeed avec une acc\u00e9l\u00e9ration magn\u00e9tique de 0 \u00e0 100 kilom\u00e8tres \u00e0 l&rsquo;heure en 2,2 secondes, ou le Discovery o\u00f9 l&rsquo;on se jette dans le vide depuis une hauteur de 60 m\u00e8tres.<\/p>\n<p>Pour lui offrir des vacances parfaites, rien de mieux que de s\u00e9journer chez nous : notre h\u00f4tel est en effet situ\u00e9 \u00e0 proximit\u00e9 de Fiabilandia, le c\u00e9l\u00e8bre parc d&rsquo;attractions de la Riviera.<br \/>\u00c0 <span style=\"color: #dca879;\"><a style=\"color: #dca879;\" href=\"https:\/\/hotelardesia.com\/fr\/fiabilandia\">Fiabilandia<\/a><\/span>, votre enfant pourra vivre des aventures fantastiques aussi bien dans les grands espaces naturels, o\u00f9 il aura \u00e9galement l&rsquo;occasion d&rsquo;apprendre, que dans l&rsquo;une des mille attractions cr\u00e9\u00e9es pour lui et pour vous.<\/p>\n<p>Laissez-vous s\u00e9duire par la vue imprenable depuis le Fiabilandia Express avant de partir pour une aventure magique dans le labyrinthe de Fu Ming ou dans le Far West enchant\u00e9.<br \/>Ne manquez pas l&rsquo;un des nombreux spectacles du parc, tels que La Charge des 101 ou Troll Story, o\u00f9 un vieux troll vous enchantera en vous racontant des l\u00e9gendes magiques, dont celle, c\u00e9l\u00e8bre dans l&rsquo;arri\u00e8re-pays romagnol, du fant\u00f4me du ch\u00e2teau d&rsquo;Azzurrina.[\/vc_column_text][vc_empty_space][\/vc_column][\/vc_row]<\/p>\n<\/div>","protected":false},"excerpt":{"rendered":"<p>[vc_row css_animation=\u00a0\u00bb\u00a0\u00bb row_type=\u00a0\u00bbrow\u00a0\u00bb use_row_as_full_screen_section=\u00a0\u00bbno\u00a0\u00bb type=\u00a0\u00bbfull_width\u00a0\u00bb angled_section=\u00a0\u00bbno\u00a0\u00bb text_align=\u00a0\u00bbleft\u00a0\u00bb background_image_as_pattern=\u00a0\u00bbwithout_pattern\u00a0\u00bb][vc_column][vc_empty_space][vc_column_text] Notre h\u00f4tel de vacances familial de r\u00eave \u00e0 Rimini Il n&rsquo;y a pas de meilleures vacances en famille \u00e0 Rimini que celles que vous passerez \u00e0 l&rsquo;Albergo Ardesia. Emmenez toute votre famille en vacances ici, dans la&#8230;<\/p>\n","protected":false},"author":1,"featured_media":0,"parent":0,"menu_order":0,"comment_status":"closed","ping_status":"closed","template":"full_width.php","meta":{"_monsterinsights_skip_tracking":false,"_monsterinsights_sitenote_active":false,"_monsterinsights_sitenote_note":"","_monsterinsights_sitenote_category":0,"footnotes":""},"class_list":["post-4270","page","type-page","status-publish","hentry"],"aioseo_notices":[],"_links":{"self":[{"href":"https:\/\/hotelardesia.com\/fr\/wp-json\/wp\/v2\/pages\/4270","targetHints":{"allow":["GET"]}}],"collection":[{"href":"https:\/\/hotelardesia.com\/fr\/wp-json\/wp\/v2\/pages"}],"about":[{"href":"https:\/\/hotelardesia.com\/fr\/wp-json\/wp\/v2\/types\/page"}],"author":[{"embeddable":true,"href":"https:\/\/hotelardesia.com\/fr\/wp-json\/wp\/v2\/users\/1"}],"replies":[{"embeddable":true,"href":"https:\/\/hotelardesia.com\/fr\/wp-json\/wp\/v2\/comments?post=4270"}],"version-history":[{"count":0,"href":"https:\/\/hotelardesia.com\/fr\/wp-json\/wp\/v2\/pages\/4270\/revisions"}],"wp:attachment":[{"href":"https:\/\/hotelardesia.com\/fr\/wp-json\/wp\/v2\/media?parent=4270"}],"curies":[{"name":"wp","href":"https:\/\/api.w.org\/{rel}","templated":true}]}}