{"id":4277,"date":"2025-12-15T22:05:55","date_gmt":"2025-12-15T21:05:55","guid":{"rendered":"https:\/\/hotelardesia.com\/le-palais-des-congres-de-rimini"},"modified":"2025-12-15T22:05:55","modified_gmt":"2025-12-15T21:05:55","slug":"le-palais-des-congres-de-rimini","status":"publish","type":"page","link":"https:\/\/hotelardesia.com\/fr\/le-palais-des-congres-de-rimini","title":{"rendered":"Le Palais des Congr\u00e8s de Rimini"},"content":{"rendered":"<div class=\"wpb-content-wrapper\"><p>[vc_row css_animation=\u00a0\u00bb\u00a0\u00bb row_type=\u00a0\u00bbrow\u00a0\u00bb use_row_as_full_screen_section=\u00a0\u00bbno\u00a0\u00bb type=\u00a0\u00bbfull_width\u00a0\u00bb angled_section=\u00a0\u00bbno\u00a0\u00bb text_align=\u00a0\u00bbleft\u00a0\u00bb background_image_as_pattern=\u00a0\u00bbwithout_pattern\u00a0\u00bb][vc_column][vc_empty_space][vc_column_text]<\/p>\n<h3>Le Palais des Congr\u00e8s de Rimini<\/h3>\n<p>Pour souligner la pr\u00e9disposition d\u00e9sormais av\u00e9r\u00e9e de Rimini \u00e0 accueillir des \u00e9v\u00e9nements professionnels prestigieux et couronn\u00e9s de succ\u00e8s, une nouvelle structure, parmi les plus grandes d&rsquo;Italie, est venue changer le profil du secteur : le <strong>Palais des Congr\u00e8s de Rimini<\/strong>.<\/p>\n<p>Occupant une superficie de 38 000 m\u00e8tres carr\u00e9s, le Palais des congr\u00e8s est une structure \u00e0 la pointe de la technologie, qui s&rsquo;\u00e9tend sur deux \u00e9tages plus un sous-sol et offre 19 salles modulables pouvant accueillir jusqu&rsquo;\u00e0 4 700 personnes en s\u00e9ance pl\u00e9ni\u00e8re dans la salle Piazza.<br \/>La polyvalence du Palais des congr\u00e8s est toutefois presque totale : il suffit de penser qu&rsquo;il dispose d&rsquo;un espace d&rsquo;exposition de 11 000 m\u00e8tres carr\u00e9s, modulable en plusieurs espaces pour r\u00e9pondre \u00e0 tous types de besoins.<\/p>\n<p>Notre <strong>h\u00f4tel ouvert toute l&rsquo;ann\u00e9e \u00e0 Rimini<\/strong> est la solution id\u00e9ale pour les clients d&rsquo;affaires qui recherchent un \u00e9tablissement proche du Palacongressi et capable de r\u00e9pondre aux besoins de ceux qui voyagent pour le travail : l&rsquo;Albergo Ardesia se distingue \u00e9galement en ce sens, car c&rsquo;est un h\u00f4tel proche du parc des expositions de Rimini qui vous permettra de participer aux nombreux \u00e9v\u00e9nements importants qui s&rsquo;y d\u00e9roulent chaque ann\u00e9e.<\/p>\n<p>La pr\u00e9sence de ces deux opportunit\u00e9s strat\u00e9giques pour d\u00e9velopper votre activit\u00e9 est un atout qui a fait et contribuera \u00e0 faire de la ville de Rimini la capitale du tourisme d&rsquo;affaires.<br \/>En ajoutant au calendrier d\u00e9j\u00e0 bien rempli de la Fiera, qui s&rsquo;adresse \u00e0 des macro-secteurs et attire un flux de visiteurs internationaux, la pr\u00e9sence d&rsquo;une structure polyvalente pour les \u00e9v\u00e9nements publics et priv\u00e9s comme le Palacongressi, Rimini dispose d\u00e9sormais d&rsquo;une offre compl\u00e8te dans le domaine des salons et des congr\u00e8s.[\/vc_column_text][vc_empty_space][\/vc_column][\/vc_row]<\/p>\n<\/div>","protected":false},"excerpt":{"rendered":"<p>[vc_row css_animation=\u00a0\u00bb\u00a0\u00bb row_type=\u00a0\u00bbrow\u00a0\u00bb use_row_as_full_screen_section=\u00a0\u00bbno\u00a0\u00bb type=\u00a0\u00bbfull_width\u00a0\u00bb angled_section=\u00a0\u00bbno\u00a0\u00bb text_align=\u00a0\u00bbleft\u00a0\u00bb background_image_as_pattern=\u00a0\u00bbwithout_pattern\u00a0\u00bb][vc_column][vc_empty_space][vc_column_text] Le Palais des Congr\u00e8s de Rimini Pour souligner la pr\u00e9disposition d\u00e9sormais av\u00e9r\u00e9e de Rimini \u00e0 accueillir des \u00e9v\u00e9nements professionnels prestigieux et couronn\u00e9s de succ\u00e8s, une nouvelle structure, parmi les plus grandes d&rsquo;Italie, est venue changer le profil&#8230;<\/p>\n","protected":false},"author":1,"featured_media":0,"parent":0,"menu_order":0,"comment_status":"closed","ping_status":"closed","template":"","meta":{"_monsterinsights_skip_tracking":false,"_monsterinsights_sitenote_active":false,"_monsterinsights_sitenote_note":"","_monsterinsights_sitenote_category":0,"footnotes":""},"class_list":["post-4277","page","type-page","status-publish","hentry"],"aioseo_notices":[],"_links":{"self":[{"href":"https:\/\/hotelardesia.com\/fr\/wp-json\/wp\/v2\/pages\/4277","targetHints":{"allow":["GET"]}}],"collection":[{"href":"https:\/\/hotelardesia.com\/fr\/wp-json\/wp\/v2\/pages"}],"about":[{"href":"https:\/\/hotelardesia.com\/fr\/wp-json\/wp\/v2\/types\/page"}],"author":[{"embeddable":true,"href":"https:\/\/hotelardesia.com\/fr\/wp-json\/wp\/v2\/users\/1"}],"replies":[{"embeddable":true,"href":"https:\/\/hotelardesia.com\/fr\/wp-json\/wp\/v2\/comments?post=4277"}],"version-history":[{"count":0,"href":"https:\/\/hotelardesia.com\/fr\/wp-json\/wp\/v2\/pages\/4277\/revisions"}],"wp:attachment":[{"href":"https:\/\/hotelardesia.com\/fr\/wp-json\/wp\/v2\/media?parent=4277"}],"curies":[{"name":"wp","href":"https:\/\/api.w.org\/{rel}","templated":true}]}}