{"id":4284,"date":"2025-12-16T11:29:32","date_gmt":"2025-12-16T10:29:32","guid":{"rendered":"https:\/\/hotelardesia.com\/rimini-center"},"modified":"2025-12-16T11:29:38","modified_gmt":"2025-12-16T10:29:38","slug":"rimini-center","status":"publish","type":"page","link":"https:\/\/hotelardesia.com\/fr\/rimini-center","title":{"rendered":"H\u00f4tel Ardesia, \u00e0 deux pas des monuments du centre de Rimini"},"content":{"rendered":"<div class=\"wpb-content-wrapper\"><p>[vc_row css_animation=\u00a0\u00bb\u00a0\u00bb row_type=\u00a0\u00bbrow\u00a0\u00bb use_row_as_full_screen_section=\u00a0\u00bbno\u00a0\u00bb type=\u00a0\u00bbfull_width\u00a0\u00bb angled_section=\u00a0\u00bbno\u00a0\u00bb text_align=\u00a0\u00bbleft\u00a0\u00bb background_image_as_pattern=\u00a0\u00bbwithout_pattern\u00a0\u00bb][vc_column][vc_empty_space height=\u00a0\u00bb50px\u00a0\u00bb][vc_column_text]<br \/>\nL&rsquo;h\u00f4tel Ardesia, \u00e0 deux pas des monuments du centre de Rimini<br \/>Rimini, ville de d\u00e9tente et de divertissement, poss\u00e8de un patrimoine culturel incroyable, que l&rsquo;on peut admirer dans son centre historique, ses palais, ses \u00e9glises et ses places, ce qui en fait la destination id\u00e9ale pour des vacances consacr\u00e9es \u00e0 la d\u00e9couverte de l&rsquo;art et de l&rsquo;histoire. <\/p>\n<p>Ce qui appara\u00eet aujourd&rsquo;hui comme une brillante station baln\u00e9aire \u00e9tait autrefois l&rsquo;une des principales colonies romaines, dont on peut encore voir les extraordinaires vestiges architecturaux, notamment le <strong>pont de Tib\u00e8re<\/strong> et l&rsquo;<strong>arc d&rsquo;Auguste<\/strong>.<\/p>\n<p>Les trois places qui constituent encore aujourd&rsquo;hui le centre de la vie sociale de la ville sont d&rsquo;autres exemples splendides de l&rsquo;Antiquit\u00e9 : la Piazza Tre Martiri, l&rsquo;ancien forum romain, la Piazza Cavour, entour\u00e9e de b\u00e2timents m\u00e9di\u00e9vaux, dont la r\u00e9sidence du Potest\u00e0 de Rimini et le si\u00e8ge du Conseil municipal, avec la fontaine Fontana della Pigna et le <strong>Th\u00e9\u00e2tre Galli<\/strong> \u00e0 l&rsquo;int\u00e9rieur, et enfin la <strong>Piazza Ferrari<\/strong> avec la Domus del Chirurgo, \u00e9galement d&rsquo;origine romaine. Parmi les autres splendides \u0153uvres architecturales de la ville de Rimini, citons l&rsquo;amphith\u00e9\u00e2tre romain et le mus\u00e9e municipal. Rimini est \u00e9galement la ville du Castel Sismondo et du Temple Malatesta, traces ind\u00e9niables laiss\u00e9es par la famille Malatesta qui r\u00e9gna ici \u00e0 la Renaissance et qui accueillent aujourd&rsquo;hui des expositions et des \u00e9v\u00e9nements au charme ind\u00e9niable. <\/p>\n<p>Divers \u00e9v\u00e9nements culturels ont lieu \u00e0 Rimini tout au long de l&rsquo;ann\u00e9e, mais principalement en \u00e9t\u00e9, comme le mariage m\u00e9di\u00e9val entre Roberto Malatesta et Elisabetta da Montefeltro, un \u00e9v\u00e9nement qui plonge la ville dans une atmosph\u00e8re m\u00e9di\u00e9vale, le <strong>Festival del Mondo Antico<\/strong> (Festival du monde antique) avec des expositions, des d\u00e9bats, des concerts et des rencontres pour d\u00e9couvrir la culture et l&rsquo;histoire, et la <strong>Sagra Malatestiana<\/strong> (F\u00eate Malatestienne) avec des concerts d&rsquo;artistes importants organis\u00e9s pendant l&rsquo;hiver. <\/p>\n<p>L&rsquo;h\u00f4tel Ardesia, situ\u00e9 \u00e0 quelques pas du centre historique de Rimini, est un lieu id\u00e9al pour visiter la belle ville et ses monuments, ainsi que pour assister aux \u00e9v\u00e9nements passionnants qui y sont organis\u00e9s.[\/vc_column_text][vc_empty_space height=\u00a0\u00bb50px\u00a0\u00bb][\/vc_column][\/vc_row]<\/p>\n<\/div>","protected":false},"excerpt":{"rendered":"<p>[vc_row css_animation=\u00a0\u00bb\u00a0\u00bb row_type=\u00a0\u00bbrow\u00a0\u00bb use_row_as_full_screen_section=\u00a0\u00bbno\u00a0\u00bb type=\u00a0\u00bbfull_width\u00a0\u00bb angled_section=\u00a0\u00bbno\u00a0\u00bb text_align=\u00a0\u00bbleft\u00a0\u00bb background_image_as_pattern=\u00a0\u00bbwithout_pattern\u00a0\u00bb][vc_column][vc_empty_space height=\u00a0\u00bb50px\u00a0\u00bb][vc_column_text] L&rsquo;h\u00f4tel Ardesia, \u00e0 deux pas des monuments du centre de RiminiRimini, ville de d\u00e9tente et de divertissement, poss\u00e8de un patrimoine culturel incroyable, que l&rsquo;on peut admirer dans son centre historique, ses palais, ses \u00e9glises et ses&#8230;<\/p>\n","protected":false},"author":1,"featured_media":4285,"parent":0,"menu_order":0,"comment_status":"closed","ping_status":"closed","template":"full_width.php","meta":{"_monsterinsights_skip_tracking":false,"_monsterinsights_sitenote_active":false,"_monsterinsights_sitenote_note":"","_monsterinsights_sitenote_category":0,"footnotes":""},"class_list":["post-4284","page","type-page","status-publish","has-post-thumbnail","hentry"],"aioseo_notices":[],"_links":{"self":[{"href":"https:\/\/hotelardesia.com\/fr\/wp-json\/wp\/v2\/pages\/4284","targetHints":{"allow":["GET"]}}],"collection":[{"href":"https:\/\/hotelardesia.com\/fr\/wp-json\/wp\/v2\/pages"}],"about":[{"href":"https:\/\/hotelardesia.com\/fr\/wp-json\/wp\/v2\/types\/page"}],"author":[{"embeddable":true,"href":"https:\/\/hotelardesia.com\/fr\/wp-json\/wp\/v2\/users\/1"}],"replies":[{"embeddable":true,"href":"https:\/\/hotelardesia.com\/fr\/wp-json\/wp\/v2\/comments?post=4284"}],"version-history":[{"count":0,"href":"https:\/\/hotelardesia.com\/fr\/wp-json\/wp\/v2\/pages\/4284\/revisions"}],"wp:featuredmedia":[{"embeddable":true,"href":"https:\/\/hotelardesia.com\/fr\/wp-json\/wp\/v2\/media\/4285"}],"wp:attachment":[{"href":"https:\/\/hotelardesia.com\/fr\/wp-json\/wp\/v2\/media?parent=4284"}],"curies":[{"name":"wp","href":"https:\/\/api.w.org\/{rel}","templated":true}]}}