{"id":4295,"date":"2025-12-16T11:30:20","date_gmt":"2025-12-16T10:30:20","guid":{"rendered":"https:\/\/hotelardesia.com\/offres-centre-expo-rimini"},"modified":"2025-12-16T11:30:20","modified_gmt":"2025-12-16T10:30:20","slug":"offres-centre-expo-rimini","status":"publish","type":"page","link":"https:\/\/hotelardesia.com\/fr\/offres-centre-expo-rimini","title":{"rendered":"Offres du Centre des Expositions de Rimini"},"content":{"rendered":"<div class=\"wpb-content-wrapper\"><p>[vc_row css_animation=\u00a0\u00bb\u00a0\u00bb row_type=\u00a0\u00bbrow\u00a0\u00bb use_row_as_full_screen_section=\u00a0\u00bbno\u00a0\u00bb type=\u00a0\u00bbfull_width\u00a0\u00bb angled_section=\u00a0\u00bbno\u00a0\u00bb text_align=\u00a0\u00bbleft\u00a0\u00bb background_image_as_pattern=\u00a0\u00bbwithout_pattern\u00a0\u00bb][vc_column][vc_empty_space][vc_column_text]<\/p>\n<h3>Offres pour le salon de Rimini<\/h3>\n<p>L&rsquo;Albergo Ardesia est l&rsquo;une des meilleures options d&rsquo;h\u00e9bergement que vous pouvez trouver si vous devez assister \u00e0 des \u00e9v\u00e9nements au parc des expositions de Rimini. Notre h\u00f4tel est <strong>ouvert toute l&rsquo;ann\u00e9e <\/strong>et se trouve \u00e0 10 minutes de Rimini, \u00e0 deux pas du front de mer et \u00e0 moins de 10 minutes en voiture du parc des expositions. Son emplacement vraiment strat\u00e9gique le rend parfait pour tous les besoins. \u00c0 l&rsquo;Ardesia, vous b\u00e9n\u00e9ficierez de services trois \u00e9toiles de haute qualit\u00e9, \u00e0 commencer par les chambres o\u00f9, apr\u00e8s une journ\u00e9e au parc des expositions, vous trouverez tout le confort n\u00e9cessaire pour vous d\u00e9tendre au maximum : salle de bain priv\u00e9e, s\u00e8che-cheveux, ventilateur ou climatisation sur demande, t\u00e9l\u00e9vision, t\u00e9l\u00e9phone, coffre-fort et Wi-Fi. Les espaces communs de l&rsquo;h\u00f4tel sont \u00e9galement spacieux et confortables, comme le restaurant o\u00f9 vous pourrez d\u00e9guster une cuisine typique de la Romagne (avec des menus personnalisables pour les adultes et les enfants), la charmante terrasse avec jardin et la plage priv\u00e9e. Pour vous promener le long du front de mer, vous pouvez \u00e9galement profiter des v\u00e9los mis \u00e0 la disposition des clients. <\/p>\n<p>Un h\u00f4tel ouvert toute l&rsquo;ann\u00e9e rend Rimini plus accessible, non seulement en \u00e9t\u00e9, mais aussi chaque fois que vous avez besoin de visiter cette ville anim\u00e9e, que ce soit pour affaires ou pour le plaisir. Depuis l&rsquo;h\u00f4tel Ardesia, le parc des expositions de Rimini est facilement accessible, et les exposants, qui doivent y passer toute la journ\u00e9e, peuvent \u00e9viter les heures de pointe et retourner \u00e0 l&rsquo;h\u00f4tel \u00e0 tout moment de la journ\u00e9e, m\u00eame pour une courte pause. L&rsquo;h\u00f4tel Ardesia et le parc des expositions de Rimini sont d\u00e9sormais associ\u00e9s \u00e0 ceux qui nous renouvellent p\u00e9riodiquement leur confiance, appr\u00e9ciant son excellent rapport qualit\u00e9-prix. Ceux qui recherchent des offres pour le parc des expositions de Rimini trouveront sans aucun doute les n\u00f4tres parmi les plus abordables. Nos <a href=\"https:\/\/hotelardesia.com\/fr\/promotions\">offres<\/a> pour les h\u00f4tels \u00e0 Rimini couvrent tous les \u00e9v\u00e9nements et s&rsquo;adressent aussi bien aux visiteurs qu&rsquo;aux \u00ab initi\u00e9s \u00bb du parc des expositions. Les prix varient en fonction de l&rsquo;\u00e9v\u00e9nement et comprennent tous le petit-d\u00e9jeuner, servi t\u00f4t le matin pour r\u00e9pondre aux besoins des clients d&rsquo;affaires.[\/vc_column_text][vc_empty_space][\/vc_column][\/vc_row]<\/p>\n<\/div>","protected":false},"excerpt":{"rendered":"<p>[vc_row css_animation=\u00a0\u00bb\u00a0\u00bb row_type=\u00a0\u00bbrow\u00a0\u00bb use_row_as_full_screen_section=\u00a0\u00bbno\u00a0\u00bb type=\u00a0\u00bbfull_width\u00a0\u00bb angled_section=\u00a0\u00bbno\u00a0\u00bb text_align=\u00a0\u00bbleft\u00a0\u00bb background_image_as_pattern=\u00a0\u00bbwithout_pattern\u00a0\u00bb][vc_column][vc_empty_space][vc_column_text] Offres pour le salon de Rimini L&rsquo;Albergo Ardesia est l&rsquo;une des meilleures options d&rsquo;h\u00e9bergement que vous pouvez trouver si vous devez assister \u00e0 des \u00e9v\u00e9nements au parc des expositions de Rimini. Notre h\u00f4tel est ouvert toute l&rsquo;ann\u00e9e&#8230;<\/p>\n","protected":false},"author":1,"featured_media":0,"parent":0,"menu_order":0,"comment_status":"closed","ping_status":"closed","template":"","meta":{"_monsterinsights_skip_tracking":false,"_monsterinsights_sitenote_active":false,"_monsterinsights_sitenote_note":"","_monsterinsights_sitenote_category":0,"footnotes":""},"class_list":["post-4295","page","type-page","status-publish","hentry"],"aioseo_notices":[],"_links":{"self":[{"href":"https:\/\/hotelardesia.com\/fr\/wp-json\/wp\/v2\/pages\/4295","targetHints":{"allow":["GET"]}}],"collection":[{"href":"https:\/\/hotelardesia.com\/fr\/wp-json\/wp\/v2\/pages"}],"about":[{"href":"https:\/\/hotelardesia.com\/fr\/wp-json\/wp\/v2\/types\/page"}],"author":[{"embeddable":true,"href":"https:\/\/hotelardesia.com\/fr\/wp-json\/wp\/v2\/users\/1"}],"replies":[{"embeddable":true,"href":"https:\/\/hotelardesia.com\/fr\/wp-json\/wp\/v2\/comments?post=4295"}],"version-history":[{"count":0,"href":"https:\/\/hotelardesia.com\/fr\/wp-json\/wp\/v2\/pages\/4295\/revisions"}],"wp:attachment":[{"href":"https:\/\/hotelardesia.com\/fr\/wp-json\/wp\/v2\/media?parent=4295"}],"curies":[{"name":"wp","href":"https:\/\/api.w.org\/{rel}","templated":true}]}}