{"id":4298,"date":"2025-12-16T11:30:59","date_gmt":"2025-12-16T10:30:59","guid":{"rendered":"https:\/\/hotelardesia.com\/arriere-pays-romagnol"},"modified":"2025-12-16T11:30:59","modified_gmt":"2025-12-16T10:30:59","slug":"arriere-pays-romagnol","status":"publish","type":"page","link":"https:\/\/hotelardesia.com\/fr\/arriere-pays-romagnol","title":{"rendered":"L&rsquo;h\u00f4tel Ardesia vous invite \u00e0 d\u00e9couvrir l&rsquo;arri\u00e8re-pays romagnol"},"content":{"rendered":"<div class=\"wpb-content-wrapper\"><p>[vc_row css_animation=\u00a0\u00bb\u00a0\u00bb row_type=\u00a0\u00bbrow\u00a0\u00bb use_row_as_full_screen_section=\u00a0\u00bbno\u00a0\u00bb type=\u00a0\u00bbfull_width\u00a0\u00bb angled_section=\u00a0\u00bbno\u00a0\u00bb text_align=\u00a0\u00bbleft\u00a0\u00bb background_image_as_pattern=\u00a0\u00bbwithout_pattern\u00a0\u00bb][vc_column][vc_empty_space height=\u00a0\u00bb50px\u00a0\u00bb][vc_column_text]<\/p>\n<h3>L&rsquo;h\u00f4tel Ardesia vous invite \u00e0 d\u00e9couvrir l&rsquo;arri\u00e8re-pays romagnol<\/h3>\n<p>La nature extraordinaire de la <strong>r\u00e9gion romagnole<\/strong> se partage entre un long littoral sablonneux et un arri\u00e8re-pays o\u00f9 les collines ondulantes sont travers\u00e9es par des rivi\u00e8res qui coulent \u00e0 travers des vall\u00e9es verdoyantes vers la mer. <br \/>C&rsquo;est pr\u00e9cis\u00e9ment dans ce magnifique paysage de l&rsquo;<strong>arri\u00e8re-pays romagnol<\/strong> que vous pourrez admirer d&rsquo;anciens villages et forteresses qui rec\u00e8lent un patrimoine artistique, culturel et traditionnel incomparable. En particulier, entre Valmarecchia et Valconca, on trouve des villages, des forteresses, des remparts, des tours et des balcons panoramiques d&rsquo;une incroyable beaut\u00e9. <\/p>\n<p>Dans la Valmarecchia, les villages de <strong>Saiano<\/strong>, <strong>San Leo<\/strong> et <strong>Saint-Marin<\/strong> sont particuli\u00e8rement charmants, perch\u00e9s sur des \u00e9perons escarp\u00e9s surplombant des collines argileuses, une v\u00e9g\u00e9tation dense et des paysages rocheux accident\u00e9s qui sont passionnants et fascinants \u00e0 contempler. <br \/><strong>Santarcangelo <\/strong>se distingue par sa forteresse Malatesta et sa splendide place, tandis que Verucchio abrite l&rsquo;ancienne fontaine et le puits Malatesta. Le sanctuaire de la Madonna \u00e0 Saiano est particuli\u00e8rement charmant. <\/p>\n<p>La Valconca s&rsquo;\u00e9tend vers Cattolica et comprend certaines des villes les plus int\u00e9ressantes en termes de paysage et de monuments, telles que <strong>Morciano di Romagna<\/strong> et <strong>San Giovanni in Marignano<\/strong> avec son Teatro Massari du XIXe si\u00e8cle, source de fiert\u00e9 pour cette r\u00e9gion. <br \/>\u00c0 la fronti\u00e8re avec Pesaro, Montegridolfo est un charmant village m\u00e9di\u00e9val \u00e0 la structure intacte, tandis que Montefiore Conca, ancien bastion de la famille Malatesta, est visible depuis toute la vall\u00e9e en contrebas. Gemmano est le \u00ab balcon de l&rsquo;Adriatique \u00bb au sein de la r\u00e9serve naturelle enchanteresse d&rsquo;Onferno, tandis que Montescudo abrite le pr\u00e9cieux Mus\u00e9e de la vie rurale. <br \/>L&rsquo;itin\u00e9raire se termine \u00e0 Carpegna, au pied de la montagne du m\u00eame nom, o\u00f9 prend sa source la rivi\u00e8re Conca.<\/p>\n<p>Pour des excursions inoubliables dans l&rsquo;arri\u00e8re-pays romagnol, l&rsquo;Albergo Ardesia est un excellent point de d\u00e9part, confortable et relaxant, \u00e0 deux pas du centre de Rimini.[\/vc_column_text][vc_empty_space height=\u00a0\u00bb50px\u00a0\u00bb][\/vc_column][\/vc_row]<\/p>\n<\/div>","protected":false},"excerpt":{"rendered":"<p>[vc_row css_animation=\u00a0\u00bb\u00a0\u00bb row_type=\u00a0\u00bbrow\u00a0\u00bb use_row_as_full_screen_section=\u00a0\u00bbno\u00a0\u00bb type=\u00a0\u00bbfull_width\u00a0\u00bb angled_section=\u00a0\u00bbno\u00a0\u00bb text_align=\u00a0\u00bbleft\u00a0\u00bb background_image_as_pattern=\u00a0\u00bbwithout_pattern\u00a0\u00bb][vc_column][vc_empty_space height=\u00a0\u00bb50px\u00a0\u00bb][vc_column_text] L&rsquo;h\u00f4tel Ardesia vous invite \u00e0 d\u00e9couvrir l&rsquo;arri\u00e8re-pays romagnol La nature extraordinaire de la r\u00e9gion romagnole se partage entre un long littoral sablonneux et un arri\u00e8re-pays o\u00f9 les collines ondulantes sont travers\u00e9es par des rivi\u00e8res qui coulent&#8230;<\/p>\n","protected":false},"author":1,"featured_media":0,"parent":0,"menu_order":0,"comment_status":"closed","ping_status":"closed","template":"full_width.php","meta":{"_monsterinsights_skip_tracking":false,"_monsterinsights_sitenote_active":false,"_monsterinsights_sitenote_note":"","_monsterinsights_sitenote_category":0,"footnotes":""},"class_list":["post-4298","page","type-page","status-publish","hentry"],"aioseo_notices":[],"_links":{"self":[{"href":"https:\/\/hotelardesia.com\/fr\/wp-json\/wp\/v2\/pages\/4298","targetHints":{"allow":["GET"]}}],"collection":[{"href":"https:\/\/hotelardesia.com\/fr\/wp-json\/wp\/v2\/pages"}],"about":[{"href":"https:\/\/hotelardesia.com\/fr\/wp-json\/wp\/v2\/types\/page"}],"author":[{"embeddable":true,"href":"https:\/\/hotelardesia.com\/fr\/wp-json\/wp\/v2\/users\/1"}],"replies":[{"embeddable":true,"href":"https:\/\/hotelardesia.com\/fr\/wp-json\/wp\/v2\/comments?post=4298"}],"version-history":[{"count":0,"href":"https:\/\/hotelardesia.com\/fr\/wp-json\/wp\/v2\/pages\/4298\/revisions"}],"wp:attachment":[{"href":"https:\/\/hotelardesia.com\/fr\/wp-json\/wp\/v2\/media?parent=4298"}],"curies":[{"name":"wp","href":"https:\/\/api.w.org\/{rel}","templated":true}]}}