{"id":4306,"date":"2025-12-16T11:31:58","date_gmt":"2025-12-16T10:31:58","guid":{"rendered":"https:\/\/hotelardesia.com\/derniere-minute-bellariva-rimini"},"modified":"2025-12-16T11:31:59","modified_gmt":"2025-12-16T10:31:59","slug":"derniere-minute-bellariva-rimini","status":"publish","type":"page","link":"https:\/\/hotelardesia.com\/fr\/derniere-minute-bellariva-rimini","title":{"rendered":"Derni\u00e8re minute \u00e0 Bellariva Rimini : choisissez et partez !"},"content":{"rendered":"<div class=\"wpb-content-wrapper\"><p>[vc_row css_animation=\u00a0\u00bb\u00a0\u00bb row_type=\u00a0\u00bbrow\u00a0\u00bb use_row_as_full_screen_section=\u00a0\u00bbno\u00a0\u00bb type=\u00a0\u00bbfull_width\u00a0\u00bb angled_section=\u00a0\u00bbno\u00a0\u00bb text_align=\u00a0\u00bbleft\u00a0\u00bb background_image_as_pattern=\u00a0\u00bbwithout_pattern\u00a0\u00bb][vc_column][vc_empty_space][vc_column_text]<\/p>\n<h3>Offres de derni\u00e8re minute \u00e0 Bellariva di Rimini : choisissez et partez !<\/h3>\n<p>Si vous faites partie de ceux qui choisissent toujours leur destination de vacances d&rsquo;\u00e9t\u00e9 \u00e0 la derni\u00e8re minute, nous avons aussi quelque chose pour vous : d\u00e9couvrez toutes nos <strong>offres de derni\u00e8re minute pour Bellariva di Rimini<\/strong> et offrez-vous des vacances abordables dans le royaume du divertissement, la Riviera romagnole. <br \/>Vous trouverez ici tout ce dont vous pouvez r\u00eaver pour vos vacances : des occasions de d\u00e9tente, des divertissements, de petites oasis naturelles et de splendides centres culturels et artistiques \u00e0 d\u00e9couvrir. <br \/>En tant que client de notre <strong>h\u00f4tel \u00e0 Bellariva<\/strong>, vous pourrez tout atteindre facilement gr\u00e2ce \u00e0 son emplacement privil\u00e9gi\u00e9 : vous trouverez ici un bonus que l&rsquo;argent ne peut acheter, celui de vivre vos vacances dans le confort et la libert\u00e9. <\/p>\n<p>Si vous voyagez avec vos proches, vous pouvez profiter de nos <strong>offres familiales \u00e0 Rimini<\/strong> \u00e0 prix abordables et simplement profiter de la ville : vous appr\u00e9cierez tous ce que cette perle de la Romagne offre \u00e0 ses h\u00f4tes depuis des ann\u00e9es. <br \/>Du divertissement de Marina Centro, le c\u0153ur de la vie estivale de Rimini, aux thermes, aux parcs d&rsquo;attractions et \u00e0 un centre historique au charme incomparable, vous serez surpris de d\u00e9couvrir que ce n&rsquo;est pas seulement la mer qui a rendu cette r\u00e9gion c\u00e9l\u00e8bre dans le monde entier. <\/p>\n<p>Des plats typiques locaux aux vins, l&rsquo;aspect gastronomique et \u0153nologique de vos vacances restera \u00e9galement un souvenir inoubliable. <br \/>Ne manquez pas l&rsquo;occasion de profiter de vos vacances comme vous en avez toujours r\u00eav\u00e9 : des journ\u00e9es de pure et simple d\u00e9tente. En tant que clients de notre h\u00f4tel \u00e0 Bellariva di Rimini, ce r\u00eave peut facilement devenir r\u00e9alit\u00e9.[\/vc_column_text][vc_empty_space][\/vc_column][\/vc_row]<\/p>\n<\/div>","protected":false},"excerpt":{"rendered":"<p>[vc_row css_animation=\u00a0\u00bb\u00a0\u00bb row_type=\u00a0\u00bbrow\u00a0\u00bb use_row_as_full_screen_section=\u00a0\u00bbno\u00a0\u00bb type=\u00a0\u00bbfull_width\u00a0\u00bb angled_section=\u00a0\u00bbno\u00a0\u00bb text_align=\u00a0\u00bbleft\u00a0\u00bb background_image_as_pattern=\u00a0\u00bbwithout_pattern\u00a0\u00bb][vc_column][vc_empty_space][vc_column_text] Offres de derni\u00e8re minute \u00e0 Bellariva di Rimini : choisissez et partez ! Si vous faites partie de ceux qui choisissent toujours leur destination de vacances d&rsquo;\u00e9t\u00e9 \u00e0 la derni\u00e8re minute, nous avons aussi quelque chose pour&#8230;<\/p>\n","protected":false},"author":1,"featured_media":0,"parent":0,"menu_order":0,"comment_status":"closed","ping_status":"closed","template":"","meta":{"_monsterinsights_skip_tracking":false,"_monsterinsights_sitenote_active":false,"_monsterinsights_sitenote_note":"","_monsterinsights_sitenote_category":0,"footnotes":""},"class_list":["post-4306","page","type-page","status-publish","hentry"],"aioseo_notices":[],"_links":{"self":[{"href":"https:\/\/hotelardesia.com\/fr\/wp-json\/wp\/v2\/pages\/4306","targetHints":{"allow":["GET"]}}],"collection":[{"href":"https:\/\/hotelardesia.com\/fr\/wp-json\/wp\/v2\/pages"}],"about":[{"href":"https:\/\/hotelardesia.com\/fr\/wp-json\/wp\/v2\/types\/page"}],"author":[{"embeddable":true,"href":"https:\/\/hotelardesia.com\/fr\/wp-json\/wp\/v2\/users\/1"}],"replies":[{"embeddable":true,"href":"https:\/\/hotelardesia.com\/fr\/wp-json\/wp\/v2\/comments?post=4306"}],"version-history":[{"count":0,"href":"https:\/\/hotelardesia.com\/fr\/wp-json\/wp\/v2\/pages\/4306\/revisions"}],"wp:attachment":[{"href":"https:\/\/hotelardesia.com\/fr\/wp-json\/wp\/v2\/media?parent=4306"}],"curies":[{"name":"wp","href":"https:\/\/api.w.org\/{rel}","templated":true}]}}