{"id":4313,"date":"2025-12-16T11:32:31","date_gmt":"2025-12-16T10:32:31","guid":{"rendered":"https:\/\/hotelardesia.com\/mirabilandia"},"modified":"2025-12-16T11:32:31","modified_gmt":"2025-12-16T10:32:31","slug":"mirabilandia","status":"publish","type":"page","link":"https:\/\/hotelardesia.com\/fr\/mirabilandia","title":{"rendered":"Mirabilandia : un parc d&rsquo;attractions, un r\u00eave"},"content":{"rendered":"<div class=\"wpb-content-wrapper\"><p>[vc_row css_animation=\u00a0\u00bb\u00a0\u00bb row_type=\u00a0\u00bbrow\u00a0\u00bb use_row_as_full_screen_section=\u00a0\u00bbno\u00a0\u00bb type=\u00a0\u00bbfull_width\u00a0\u00bb angled_section=\u00a0\u00bbno\u00a0\u00bb text_align=\u00a0\u00bbleft\u00a0\u00bb background_image_as_pattern=\u00a0\u00bbwithout_pattern\u00a0\u00bb][vc_column][vc_empty_space][vc_column_text]<\/p>\n<h3>Mirabilandia : un parc, un r\u00eave<\/h3>\n<p>Imaginez un grand parc d&rsquo;attractions et multipliez-le \u00e0 l&rsquo;infini, vous vous rapprocherez alors du monde de <strong>Mirabilandia<\/strong>, o\u00f9 le plaisir devient r\u00e9alit\u00e9. <br \/>\u00c0 quelques kilom\u00e8tres seulement de notre h\u00f4tel \u00e0 Bellariva di Rimini, vous pourrez d\u00e9couvrir l&rsquo;un des plus beaux parcs d&rsquo;attractions d&rsquo;Europe, l&rsquo;un des plus beaux endroits pour des vacances en famille \u00e0 Rimini. <\/p>\n<p>Inutile de dire que Mirabilandia est un nom qui d\u00e9crit parfaitement tout ce que le parc a \u00e0 offrir, une s\u00e9rie de <strong>man\u00e8ges, spectacles et attractions<\/strong> qui rappellent un pays des merveilles, adapt\u00e9 aux petits et aux grands. <\/p>\n<p>Ici, les plus courageux trouveront des sensations fortes et de l&rsquo;adr\u00e9naline sur des man\u00e8ges rapides et impr\u00e9visibles tels que <strong>Katun<\/strong>, les montagnes russes \u00e0 100 km\/h, Sierra Tonante, les seules montagnes russes en bois d&rsquo;Europe, ou Niagara, avec une cascade d&rsquo;environ 30 m\u00e8tres, capable de vous faire bondir le c\u0153ur dans la gorge. <br \/>Le tout nouveau Ispeed vous propulsera \u00e0 une vitesse impressionnante, vous procurant des sensations uniques en quelques instants seulement. <\/p>\n<p>Il existe \u00e9galement de nombreux espaces et attractions sp\u00e9cialement d\u00e9di\u00e9s aux enfants, tels que Leprotto Express, les mini-montagnes russes, Monosaurus, un voyage amusant dans le temps pr\u00e9historique, et Ghostville, une curieuse ville fant\u00f4me. <\/p>\n<p>Dans un cadre tel que la Riviera romagnole, un \u00e9l\u00e9ment \u00e9troitement li\u00e9 \u00e0 la mer ne pouvait manquer. C&rsquo;est pourquoi vous trouverez ici, \u00e0 Mirabilandia, une plage, <strong>Mirabilandia Beach<\/strong>, un paradis tropical parfaitement recr\u00e9\u00e9 pour ceux qui ne peuvent tout simplement pas se passer de la mer. Une agr\u00e9able baignade vous m\u00e8nera ensuite \u00e0 El Castillo, un petit voilier o\u00f9 vous pourrez jouer et vous amuser avec des \u00e9claboussures d&rsquo;eau, en revivant les aventures des pirates dans votre imagination. <\/p>\n<p>Vous pourrez \u00e9galement assister \u00e0 des spectacles vraiment passionnants, tels que Police Academy ou les Blues Brothers, sans oublier les performances \u00e9poustouflantes de cascadeurs exp\u00e9riment\u00e9s. <br \/>Le soir, peut-\u00eatre apr\u00e8s avoir d\u00een\u00e9 au restaurant du parc, le spectacle nocturne magique vous attend pr\u00e8s du lac, devant la grande roue Eurowheel. <br \/>Fontaines d&rsquo;eau, lasers color\u00e9s, musique et magie s&rsquo;associent pour cr\u00e9er des effets sp\u00e9ciaux extraordinaires qui cl\u00f4tureront en beaut\u00e9 votre journ\u00e9e \u00e0 Mirabilandia.[\/vc_column_text][vc_empty_space][\/vc_column][\/vc_row]<\/p>\n<\/div>","protected":false},"excerpt":{"rendered":"<p>[vc_row css_animation=\u00a0\u00bb\u00a0\u00bb row_type=\u00a0\u00bbrow\u00a0\u00bb use_row_as_full_screen_section=\u00a0\u00bbno\u00a0\u00bb type=\u00a0\u00bbfull_width\u00a0\u00bb angled_section=\u00a0\u00bbno\u00a0\u00bb text_align=\u00a0\u00bbleft\u00a0\u00bb background_image_as_pattern=\u00a0\u00bbwithout_pattern\u00a0\u00bb][vc_column][vc_empty_space][vc_column_text] Mirabilandia : un parc, un r\u00eave Imaginez un grand parc d&rsquo;attractions et multipliez-le \u00e0 l&rsquo;infini, vous vous rapprocherez alors du monde de Mirabilandia, o\u00f9 le plaisir devient r\u00e9alit\u00e9. \u00c0 quelques kilom\u00e8tres seulement de notre h\u00f4tel \u00e0 Bellariva&#8230;<\/p>\n","protected":false},"author":1,"featured_media":0,"parent":0,"menu_order":0,"comment_status":"closed","ping_status":"closed","template":"","meta":{"_monsterinsights_skip_tracking":false,"_monsterinsights_sitenote_active":false,"_monsterinsights_sitenote_note":"","_monsterinsights_sitenote_category":0,"footnotes":""},"class_list":["post-4313","page","type-page","status-publish","hentry"],"aioseo_notices":[],"_links":{"self":[{"href":"https:\/\/hotelardesia.com\/fr\/wp-json\/wp\/v2\/pages\/4313","targetHints":{"allow":["GET"]}}],"collection":[{"href":"https:\/\/hotelardesia.com\/fr\/wp-json\/wp\/v2\/pages"}],"about":[{"href":"https:\/\/hotelardesia.com\/fr\/wp-json\/wp\/v2\/types\/page"}],"author":[{"embeddable":true,"href":"https:\/\/hotelardesia.com\/fr\/wp-json\/wp\/v2\/users\/1"}],"replies":[{"embeddable":true,"href":"https:\/\/hotelardesia.com\/fr\/wp-json\/wp\/v2\/comments?post=4313"}],"version-history":[{"count":0,"href":"https:\/\/hotelardesia.com\/fr\/wp-json\/wp\/v2\/pages\/4313\/revisions"}],"wp:attachment":[{"href":"https:\/\/hotelardesia.com\/fr\/wp-json\/wp\/v2\/media?parent=4313"}],"curies":[{"name":"wp","href":"https:\/\/api.w.org\/{rel}","templated":true}]}}