{"id":4320,"date":"2025-12-16T11:33:09","date_gmt":"2025-12-16T10:33:09","guid":{"rendered":"https:\/\/hotelardesia.com\/sia-guest-rimini"},"modified":"2025-12-16T11:33:11","modified_gmt":"2025-12-16T10:33:11","slug":"sia-guest-rimini","status":"publish","type":"page","link":"https:\/\/hotelardesia.com\/fr\/sia-guest-rimini","title":{"rendered":"Le Sia Guest de Rimini, le salon pour ceux qui vivent dans l&rsquo;accueil"},"content":{"rendered":"<div class=\"wpb-content-wrapper\"><p>[vc_row css_animation=\u00a0\u00bb\u00a0\u00bb row_type=\u00a0\u00bbrow\u00a0\u00bb use_row_as_full_screen_section=\u00a0\u00bbno\u00a0\u00bb type=\u00a0\u00bbfull_width\u00a0\u00bb angled_section=\u00a0\u00bbno\u00a0\u00bb text_align=\u00a0\u00bbleft\u00a0\u00bb background_image_as_pattern=\u00a0\u00bbwithout_pattern\u00a0\u00bb][vc_column][vc_empty_space][vc_column_text]<\/p>\n<h3>Le Sia Guest de Rimini, le salon pour ceux qui vivent dans le secteur de l&rsquo;accueil<\/h3>\n<p>En s\u00e9journant dans notre h\u00f4tel situ\u00e9 \u00e0 proximit\u00e9 du parc des expositions de Rimini, \u00e0 seulement 8 minutes en voiture et bien desservi par les transports en commun, vous pourrez profiter en toute tranquillit\u00e9 et avec \u00e9nergie du rendez-vous incontournable du salon Sia Guest de Rimini.<\/p>\n<p>Le <strong>Sia Guest<\/strong>, Salon international de l&rsquo;accueil, se d\u00e9roule \u00e0 l&rsquo;automne, souvent en novembre, et repr\u00e9sente l&rsquo;un des \u00e9v\u00e9nements les plus importants dans le domaine de l&rsquo;h\u00f4tellerie. Il s&rsquo;\u00e9tend sur 10 pavillons, qui accueillent 700 entreprises du monde entier, et attire \u00e0 chaque \u00e9dition environ 48 000 visiteurs.<\/p>\n<p>Il regroupe les secteurs de l&rsquo;ameublement et du design, avec des mat\u00e9riaux pour les sols et les rev\u00eatements, des syst\u00e8mes d&rsquo;\u00e9clairage, des structures pour les salles de bien-\u00eatre et de remise en forme, de grands am\u00e9nagements pour la restauration et les solutions les plus innovantes en mati\u00e8re d&rsquo;automatisation et d&rsquo;\u00e9conomie d&rsquo;\u00e9nergie.<\/p>\n<p>Elle propose des <strong>cours de formation<\/strong> et de mise \u00e0 jour, utiles pour se tenir inform\u00e9 des derni\u00e8res tendances du march\u00e9, ainsi que des parcours interactifs int\u00e9ressants pour renforcer les relations et faciliter la communication entre entrepreneurs et fournisseurs.<\/p>\n<p>Les repr\u00e9sentants des plus c\u00e9l\u00e8bres <strong>cha\u00eenes h\u00f4teli\u00e8res<\/strong>, les directeurs d&rsquo;h\u00f4tel, les chefs, les managers et tous les autres op\u00e9rateurs du secteur ne peuvent manquer l&rsquo;occasion d&rsquo;entrer en contact avec un tel nombre de clients potentiels, ni laisser passer la chance d&rsquo;\u00e9tablir des relations et de conclure des affaires avec les plus grands fournisseurs et entrepreneurs du secteur.<\/p>\n<p>En s\u00e9journant dans notre h\u00f4tel, qui se distingue parmi les h\u00f4tels situ\u00e9s \u00e0 proximit\u00e9 du parc des expositions de Rimini par le nombre \u00e9lev\u00e9 de services et d&rsquo;offres destin\u00e9s aux participants aux salons, vous pourrez mener vos affaires dans le plus grand confort et \u00e0 un prix avantageux, avec des chambres calmes et \u00e9quip\u00e9es de toutes les commodit\u00e9s, un restaurant pr\u00eat \u00e0 r\u00e9pondre \u00e0 toutes vos exigences alimentaires, avec des petits-d\u00e9jeuners \u00e9nerg\u00e9tiques le matin et des plats locaux revigorants \u00e0 votre retour de vos engagements.[\/vc_column_text][vc_empty_space][\/vc_column][\/vc_row]<\/p>\n<\/div>","protected":false},"excerpt":{"rendered":"<p>[vc_row css_animation=\u00a0\u00bb\u00a0\u00bb row_type=\u00a0\u00bbrow\u00a0\u00bb use_row_as_full_screen_section=\u00a0\u00bbno\u00a0\u00bb type=\u00a0\u00bbfull_width\u00a0\u00bb angled_section=\u00a0\u00bbno\u00a0\u00bb text_align=\u00a0\u00bbleft\u00a0\u00bb background_image_as_pattern=\u00a0\u00bbwithout_pattern\u00a0\u00bb][vc_column][vc_empty_space][vc_column_text] Le Sia Guest de Rimini, le salon pour ceux qui vivent dans le secteur de l&rsquo;accueil En s\u00e9journant dans notre h\u00f4tel situ\u00e9 \u00e0 proximit\u00e9 du parc des expositions de Rimini, \u00e0 seulement 8 minutes en voiture et&#8230;<\/p>\n","protected":false},"author":1,"featured_media":0,"parent":0,"menu_order":0,"comment_status":"closed","ping_status":"closed","template":"","meta":{"_monsterinsights_skip_tracking":false,"_monsterinsights_sitenote_active":false,"_monsterinsights_sitenote_note":"","_monsterinsights_sitenote_category":0,"footnotes":""},"class_list":["post-4320","page","type-page","status-publish","hentry"],"aioseo_notices":[],"_links":{"self":[{"href":"https:\/\/hotelardesia.com\/fr\/wp-json\/wp\/v2\/pages\/4320","targetHints":{"allow":["GET"]}}],"collection":[{"href":"https:\/\/hotelardesia.com\/fr\/wp-json\/wp\/v2\/pages"}],"about":[{"href":"https:\/\/hotelardesia.com\/fr\/wp-json\/wp\/v2\/types\/page"}],"author":[{"embeddable":true,"href":"https:\/\/hotelardesia.com\/fr\/wp-json\/wp\/v2\/users\/1"}],"replies":[{"embeddable":true,"href":"https:\/\/hotelardesia.com\/fr\/wp-json\/wp\/v2\/comments?post=4320"}],"version-history":[{"count":0,"href":"https:\/\/hotelardesia.com\/fr\/wp-json\/wp\/v2\/pages\/4320\/revisions"}],"wp:attachment":[{"href":"https:\/\/hotelardesia.com\/fr\/wp-json\/wp\/v2\/media?parent=4320"}],"curies":[{"name":"wp","href":"https:\/\/api.w.org\/{rel}","templated":true}]}}