{"id":4327,"date":"2025-12-16T11:33:53","date_gmt":"2025-12-16T10:33:53","guid":{"rendered":"https:\/\/hotelardesia.com\/sigep-expo-rimini"},"modified":"2025-12-16T11:33:53","modified_gmt":"2025-12-16T10:33:53","slug":"sigep-expo-rimini","status":"publish","type":"page","link":"https:\/\/hotelardesia.com\/fr\/sigep-expo-rimini","title":{"rendered":"L&rsquo;h\u00f4tel pr\u00e8s du parc des expositions de Rimini pour d\u00e9couvrir Sigep"},"content":{"rendered":"<div class=\"wpb-content-wrapper\"><p>[vc_row css_animation=\u00a0\u00bb\u00a0\u00bb row_type=\u00a0\u00bbrow\u00a0\u00bb use_row_as_full_screen_section=\u00a0\u00bbno\u00a0\u00bb type=\u00a0\u00bbfull_width\u00a0\u00bb angled_section=\u00a0\u00bbno\u00a0\u00bb text_align=\u00a0\u00bbleft\u00a0\u00bb background_image_as_pattern=\u00a0\u00bbwithout_pattern\u00a0\u00bb][vc_column][vc_empty_space][vc_column_text]<\/p>\n<h3>L&rsquo;h\u00f4tel pr\u00e8s du parc des expositions de Rimini pour d\u00e9couvrir Sigep<\/h3>\n<p>Les clients de notre h\u00f4tel \u00e0 Bellariva di Rimini peuvent \u00e9galement profiter au mieux de tous les \u00e9v\u00e9nements professionnels organis\u00e9s chaque ann\u00e9e au parc des expositions. <\/p>\n<p>Si, par exemple, la gourmandise est votre p\u00e9ch\u00e9 mignon, alors notre <strong>h\u00f4tel pr\u00e8s du parc des expositions de Rimini<\/strong> sera votre point de chute id\u00e9al pour visiter le Sigep, le salon international de la glace artisanale, de la p\u00e2tisserie et de la boulangerie qui fait chaque ann\u00e9e de Rimini la capitale&#8230; de la douceur. <\/p>\n<p>Que vous soyez ici pour fl\u00e2ner ou pour affaires, en nous choisissant parmi les h\u00f4tels situ\u00e9s pr\u00e8s du <strong>parc des expositions de Rimini<\/strong>, vous passerez des journ\u00e9es alliant \u00e0 la perfection salon professionnel et d\u00e9tente : vous serez \u00e0 quelques minutes du Sigep et, en tant que client de nos chambres spacieuses et lumineuses, vous pourrez vous d\u00e9tendre compl\u00e8tement \u00e0 votre retour. <\/p>\n<p>Vous profiterez de la meilleure exp\u00e9rience possible que pr\u00e8s de 100 000 personnes choisissent chaque ann\u00e9e, un \u00e9v\u00e9nement phare du secteur au niveau europ\u00e9en, o\u00f9 se r\u00e9unissent environ 700 exposants et les meilleurs p\u00e2tissiers du monde entier. <br \/>Avec ses concours, ses expositions, ses conf\u00e9rences et ses ateliers, le <strong>Sigep<\/strong> est d\u00e9sormais consid\u00e9r\u00e9 comme le centre n\u00e9vralgique du secteur, o\u00f9 l&rsquo;avenir se d\u00e9cide en tirant les le\u00e7ons des erreurs du pass\u00e9. C&rsquo;est un moment important pour l&rsquo;\u00e9panouissement professionnel, mais aussi un lieu o\u00f9 se nouent des relations de travail qui permettent d&rsquo;exporter les produits alimentaires italiens dans le monde entier. <\/p>\n<p>Avec ses concours, ses expositions, ses conf\u00e9rences et ses ateliers, le <strong>Sigep<\/strong> est d\u00e9sormais consid\u00e9r\u00e9 comme le centre n\u00e9vralgique du secteur, o\u00f9 l&rsquo;avenir se d\u00e9cide en tirant les le\u00e7ons des erreurs du pass\u00e9. C&rsquo;est un moment important pour l&rsquo;\u00e9panouissement professionnel, mais aussi un lieu o\u00f9 se nouent des relations de travail qui permettent d&rsquo;exporter les produits alimentaires italiens dans le monde entier. <\/p>\n<p>Venez d\u00e9couvrir par vous-m\u00eame le monde sucr\u00e9 et savoureux du <strong>Sigep<\/strong>, peut-\u00eatre pour suivre le Championnat du monde de chocolat ou pour savoir qui remportera le Gelato d&rsquo;Oro : vous d\u00e9couvrirez que les affaires peuvent parfois \u00eatre agr\u00e9ables.[\/vc_column_text][vc_empty_space][\/vc_column][\/vc_row]<\/p>\n<\/div>","protected":false},"excerpt":{"rendered":"<p>[vc_row css_animation=\u00a0\u00bb\u00a0\u00bb row_type=\u00a0\u00bbrow\u00a0\u00bb use_row_as_full_screen_section=\u00a0\u00bbno\u00a0\u00bb type=\u00a0\u00bbfull_width\u00a0\u00bb angled_section=\u00a0\u00bbno\u00a0\u00bb text_align=\u00a0\u00bbleft\u00a0\u00bb background_image_as_pattern=\u00a0\u00bbwithout_pattern\u00a0\u00bb][vc_column][vc_empty_space][vc_column_text] L&rsquo;h\u00f4tel pr\u00e8s du parc des expositions de Rimini pour d\u00e9couvrir Sigep Les clients de notre h\u00f4tel \u00e0 Bellariva di Rimini peuvent \u00e9galement profiter au mieux de tous les \u00e9v\u00e9nements professionnels organis\u00e9s chaque ann\u00e9e au parc des expositions&#8230;.<\/p>\n","protected":false},"author":1,"featured_media":0,"parent":0,"menu_order":0,"comment_status":"closed","ping_status":"closed","template":"","meta":{"_monsterinsights_skip_tracking":false,"_monsterinsights_sitenote_active":false,"_monsterinsights_sitenote_note":"","_monsterinsights_sitenote_category":0,"footnotes":""},"class_list":["post-4327","page","type-page","status-publish","hentry"],"aioseo_notices":[],"_links":{"self":[{"href":"https:\/\/hotelardesia.com\/fr\/wp-json\/wp\/v2\/pages\/4327","targetHints":{"allow":["GET"]}}],"collection":[{"href":"https:\/\/hotelardesia.com\/fr\/wp-json\/wp\/v2\/pages"}],"about":[{"href":"https:\/\/hotelardesia.com\/fr\/wp-json\/wp\/v2\/types\/page"}],"author":[{"embeddable":true,"href":"https:\/\/hotelardesia.com\/fr\/wp-json\/wp\/v2\/users\/1"}],"replies":[{"embeddable":true,"href":"https:\/\/hotelardesia.com\/fr\/wp-json\/wp\/v2\/comments?post=4327"}],"version-history":[{"count":0,"href":"https:\/\/hotelardesia.com\/fr\/wp-json\/wp\/v2\/pages\/4327\/revisions"}],"wp:attachment":[{"href":"https:\/\/hotelardesia.com\/fr\/wp-json\/wp\/v2\/media?parent=4327"}],"curies":[{"name":"wp","href":"https:\/\/api.w.org\/{rel}","templated":true}]}}