{"id":4334,"date":"2025-12-16T11:34:22","date_gmt":"2025-12-16T10:34:22","guid":{"rendered":"https:\/\/hotelardesia.com\/my-special-car-rimini"},"modified":"2025-12-16T11:34:22","modified_gmt":"2025-12-16T10:34:22","slug":"my-special-car-rimini","status":"publish","type":"page","link":"https:\/\/hotelardesia.com\/fr\/my-special-car-rimini","title":{"rendered":"Ma voiture sp\u00e9ciale Rimini"},"content":{"rendered":"<div class=\"wpb-content-wrapper\"><p>[vc_row css_animation=\u00a0\u00bb\u00a0\u00bb row_type=\u00a0\u00bbrow\u00a0\u00bb use_row_as_full_screen_section=\u00a0\u00bbno\u00a0\u00bb type=\u00a0\u00bbfull_width\u00a0\u00bb angled_section=\u00a0\u00bbno\u00a0\u00bb text_align=\u00a0\u00bbleft\u00a0\u00bb background_image_as_pattern=\u00a0\u00bbwithout_pattern\u00a0\u00bb][vc_column][vc_empty_space][vc_column_text]<\/p>\n<h3>My Special Car \u00e0 Rimini<\/h3>\n<p>Les passionn\u00e9s d&rsquo;automobile connaissent bien le nom de cet \u00e9v\u00e9nement qui, en mars, fait rugir les moteurs les plus puissants du monde sur la Riviera. <\/p>\n<p><strong>My Special Car Show<\/strong> \u00e0 Rimini est un \u00e9v\u00e9nement incontournable pour les amateurs de personnalisation automobile, attirant en moyenne plus de 90 000 visiteurs chaque ann\u00e9e venus admirer les milliers de v\u00e9hicules expos\u00e9s. <br \/>Le tuning, c&rsquo;est-\u00e0-dire le processus de personnalisation des voitures en fonction d&rsquo;une grande vari\u00e9t\u00e9 de besoins, est un secteur en pleine expansion qui consid\u00e8re <strong>My Special Car<\/strong> comme l&rsquo;un de ses points de r\u00e9f\u00e9rence en Italie et \u00e0 l&rsquo;international. <br \/>Entre les f\u00eates, les expositions, les comp\u00e9titions passionnantes, les conf\u00e9rences et les groupes de discussion sur l&rsquo;industrie, \u00eatre pr\u00e9sent ici signifie non seulement assouvir vos passions, mais aussi potentiellement faire des affaires lucratives si le tuning est votre secteur. <\/p>\n<p>Les clients de notre h\u00f4tel situ\u00e9 pr\u00e8s du <strong>parc des expositions de Rimini<\/strong> peuvent facilement se rendre au salon My Special Car en bus. <br \/>Sans le stress du stationnement, vous gagnerez un temps pr\u00e9cieux que vous pourrez consacrer aux nombreuses voitures expos\u00e9es, ou peut-\u00eatre \u00e0 l&rsquo;une des comp\u00e9titions organis\u00e9es, comme le Tractor Pulling, une discipline unique dans laquelle des voitures modifi\u00e9es s&rsquo;affrontent en tirant une remorque, appel\u00e9e \u00ab tra\u00eeneau \u00bb, pouvant peser jusqu&rsquo;\u00e0 25 000 kilos. <\/p>\n<p>N&rsquo;attendez plus, d\u00e9p\u00eachez-vous de r\u00e9server votre billet pour le My Special Car Show, \u00e9galement disponible en ligne.<br \/>Profitez de notre h\u00f4tel \u00e0 Rimini pour vous offrir des journ\u00e9es divertissantes \u00e0 r\u00eaver de voitures fantastiques, comme l&rsquo;Uragano, une supercar enti\u00e8rement fabriqu\u00e9e \u00e0 la main qui peut th\u00e9oriquement atteindre la vitesse impressionnante de 350 kilom\u00e8tres \u00e0 l&rsquo;heure.[\/vc_column_text][vc_empty_space][\/vc_column][\/vc_row]<\/p>\n<\/div>","protected":false},"excerpt":{"rendered":"<p>[vc_row css_animation=\u00a0\u00bb\u00a0\u00bb row_type=\u00a0\u00bbrow\u00a0\u00bb use_row_as_full_screen_section=\u00a0\u00bbno\u00a0\u00bb type=\u00a0\u00bbfull_width\u00a0\u00bb angled_section=\u00a0\u00bbno\u00a0\u00bb text_align=\u00a0\u00bbleft\u00a0\u00bb background_image_as_pattern=\u00a0\u00bbwithout_pattern\u00a0\u00bb][vc_column][vc_empty_space][vc_column_text] My Special Car \u00e0 Rimini Les passionn\u00e9s d&rsquo;automobile connaissent bien le nom de cet \u00e9v\u00e9nement qui, en mars, fait rugir les moteurs les plus puissants du monde sur la Riviera. My Special Car Show \u00e0 Rimini est&#8230;<\/p>\n","protected":false},"author":1,"featured_media":0,"parent":0,"menu_order":0,"comment_status":"closed","ping_status":"closed","template":"","meta":{"_monsterinsights_skip_tracking":false,"_monsterinsights_sitenote_active":false,"_monsterinsights_sitenote_note":"","_monsterinsights_sitenote_category":0,"footnotes":""},"class_list":["post-4334","page","type-page","status-publish","hentry"],"aioseo_notices":[],"_links":{"self":[{"href":"https:\/\/hotelardesia.com\/fr\/wp-json\/wp\/v2\/pages\/4334","targetHints":{"allow":["GET"]}}],"collection":[{"href":"https:\/\/hotelardesia.com\/fr\/wp-json\/wp\/v2\/pages"}],"about":[{"href":"https:\/\/hotelardesia.com\/fr\/wp-json\/wp\/v2\/types\/page"}],"author":[{"embeddable":true,"href":"https:\/\/hotelardesia.com\/fr\/wp-json\/wp\/v2\/users\/1"}],"replies":[{"embeddable":true,"href":"https:\/\/hotelardesia.com\/fr\/wp-json\/wp\/v2\/comments?post=4334"}],"version-history":[{"count":0,"href":"https:\/\/hotelardesia.com\/fr\/wp-json\/wp\/v2\/pages\/4334\/revisions"}],"wp:attachment":[{"href":"https:\/\/hotelardesia.com\/fr\/wp-json\/wp\/v2\/media?parent=4334"}],"curies":[{"name":"wp","href":"https:\/\/api.w.org\/{rel}","templated":true}]}}