{"id":4337,"date":"2025-12-16T11:34:58","date_gmt":"2025-12-16T10:34:58","guid":{"rendered":"https:\/\/hotelardesia.com\/rimini-wellness"},"modified":"2025-12-16T11:34:58","modified_gmt":"2025-12-16T10:34:58","slug":"rimini-wellness","status":"publish","type":"page","link":"https:\/\/hotelardesia.com\/fr\/rimini-wellness","title":{"rendered":"Le salon Rimini Wellness pour votre bien-\u00eatre"},"content":{"rendered":"<div class=\"wpb-content-wrapper\"><p>[vc_row css_animation=\u00a0\u00bb\u00a0\u00bb row_type=\u00a0\u00bbrow\u00a0\u00bb use_row_as_full_screen_section=\u00a0\u00bbno\u00a0\u00bb type=\u00a0\u00bbgrid\u00a0\u00bb angled_section=\u00a0\u00bbno\u00a0\u00bb text_align=\u00a0\u00bbleft\u00a0\u00bb background_image_as_pattern=\u00a0\u00bbwithout_pattern\u00a0\u00bb z_index=\u00a0\u00bb\u00a0\u00bb][vc_column][vc_empty_space][vc_column_text]<\/p>\n<h3>Le salon Rimini Wellness pour votre bien-\u00eatre<\/h3>\n<p>En s\u00e9journant dans notre <strong>h\u00f4tel \u00e0 Rimini, ouvert toute l&rsquo;ann\u00e9e<\/strong>, vous aurez la chance de profiter de toutes les manifestations qui enrichissent le calendrier du salon de Rimini situ\u00e9 \u00e0 proximit\u00e9, dans un confort optimal, comme l&rsquo;incontournable <strong>Rimini Wellness<\/strong>, \u00e0 seulement 8 minutes de notre \u00e9tablissement et facilement accessible gr\u00e2ce \u00e0 un r\u00e9seau de transports publics efficace qui dessert bien Bellariva. <\/p>\n<p>Rimini Wellness est l&rsquo;\u00e9v\u00e9nement le plus important d\u00e9di\u00e9 au bien-\u00eatre en tant que philosophie de vie, qui touche donc non seulement l&rsquo;aspect physique, mais aussi de nombreux autres domaines de la vie quotidienne, allant du sport \u00e0 l&rsquo;alimentation et au tourisme. <\/p>\n<p>L&rsquo;\u00e9v\u00e9nement se d\u00e9roule au parc des expositions de Rimini et se divise en deux sections principales. La premi\u00e8re est WFUN, la destination id\u00e9ale pour tous les passionn\u00e9s d&rsquo;un mode de vie sain, o\u00f9 vous pourrez assister \u00e0 des expositions fascinantes sur divers sports, profiter de massages et de soins du corps, et participer \u00e0 des pr\u00e9sentations sur les disciplines sportives, les \u00e9quipements et les v\u00eatements. <\/p>\n<p>La deuxi\u00e8me section est repr\u00e9sent\u00e9e par <strong>WPRO<\/strong>, une destination incontournable pour tous ceux qui travaillent dans le secteur du bien-\u00eatre. Ils auront ici l&rsquo;occasion de rencontrer les principaux fabricants et fournisseurs, ainsi que des acheteurs du monde entier, et de participer \u00e0 des cours de remise \u00e0 niveau et \u00e0 des conf\u00e9rences pour se tenir au courant des derni\u00e8res nouvelles et tendances du secteur. <\/p>\n<p>Beaut\u00e9 et remise en forme, installations de spa, aliments di\u00e9t\u00e9tiques, techniques de r\u00e9\u00e9ducation : de nombreux secteurs sont concern\u00e9s par cet \u00e9v\u00e9nement important, et en s\u00e9journant dans notre h\u00f4tel pr\u00e8s du parc des expositions de Rimini, vous pourrez d\u00e9couvrir toutes les facettes et toutes les opportunit\u00e9s commerciales, en profitant de nos offres avantageuses pour les participants au salon.[\/vc_column_text][vc_empty_space][\/vc_column][\/vc_row]<\/p>\n<\/div>","protected":false},"excerpt":{"rendered":"<p>[vc_row css_animation=\u00a0\u00bb\u00a0\u00bb row_type=\u00a0\u00bbrow\u00a0\u00bb use_row_as_full_screen_section=\u00a0\u00bbno\u00a0\u00bb type=\u00a0\u00bbgrid\u00a0\u00bb angled_section=\u00a0\u00bbno\u00a0\u00bb text_align=\u00a0\u00bbleft\u00a0\u00bb background_image_as_pattern=\u00a0\u00bbwithout_pattern\u00a0\u00bb z_index=\u00a0\u00bb\u00a0\u00bb][vc_column][vc_empty_space][vc_column_text] Le salon Rimini Wellness pour votre bien-\u00eatre En s\u00e9journant dans notre h\u00f4tel \u00e0 Rimini, ouvert toute l&rsquo;ann\u00e9e, vous aurez la chance de profiter de toutes les manifestations qui enrichissent le calendrier du salon de Rimini situ\u00e9&#8230;<\/p>\n","protected":false},"author":1,"featured_media":0,"parent":0,"menu_order":0,"comment_status":"closed","ping_status":"closed","template":"full_width.php","meta":{"_monsterinsights_skip_tracking":false,"_monsterinsights_sitenote_active":false,"_monsterinsights_sitenote_note":"","_monsterinsights_sitenote_category":0,"footnotes":""},"class_list":["post-4337","page","type-page","status-publish","hentry"],"aioseo_notices":[],"_links":{"self":[{"href":"https:\/\/hotelardesia.com\/fr\/wp-json\/wp\/v2\/pages\/4337","targetHints":{"allow":["GET"]}}],"collection":[{"href":"https:\/\/hotelardesia.com\/fr\/wp-json\/wp\/v2\/pages"}],"about":[{"href":"https:\/\/hotelardesia.com\/fr\/wp-json\/wp\/v2\/types\/page"}],"author":[{"embeddable":true,"href":"https:\/\/hotelardesia.com\/fr\/wp-json\/wp\/v2\/users\/1"}],"replies":[{"embeddable":true,"href":"https:\/\/hotelardesia.com\/fr\/wp-json\/wp\/v2\/comments?post=4337"}],"version-history":[{"count":0,"href":"https:\/\/hotelardesia.com\/fr\/wp-json\/wp\/v2\/pages\/4337\/revisions"}],"wp:attachment":[{"href":"https:\/\/hotelardesia.com\/fr\/wp-json\/wp\/v2\/media?parent=4337"}],"curies":[{"name":"wp","href":"https:\/\/api.w.org\/{rel}","templated":true}]}}