{"id":4344,"date":"2025-12-16T11:35:39","date_gmt":"2025-12-16T10:35:39","guid":{"rendered":"https:\/\/hotelardesia.com\/thermes-de-rimini"},"modified":"2025-12-16T11:35:40","modified_gmt":"2025-12-16T10:35:40","slug":"thermes-de-rimini","status":"publish","type":"page","link":"https:\/\/hotelardesia.com\/fr\/thermes-de-rimini","title":{"rendered":"Les thermes de Rimini"},"content":{"rendered":"<div class=\"wpb-content-wrapper\"><p>[vc_row css_animation=\u00a0\u00bb\u00a0\u00bb row_type=\u00a0\u00bbrow\u00a0\u00bb use_row_as_full_screen_section=\u00a0\u00bbno\u00a0\u00bb type=\u00a0\u00bbfull_width\u00a0\u00bb angled_section=\u00a0\u00bbno\u00a0\u00bb text_align=\u00a0\u00bbleft\u00a0\u00bb background_image_as_pattern=\u00a0\u00bbwithout_pattern\u00a0\u00bb][vc_column][vc_empty_space][vc_column_text]<\/p>\n<h3>Les thermes de Rimini<\/h3>\n<p>Envie de vous d\u00e9tendre ? Les thermes de Rimini sont exactement ce qu&rsquo;il vous faut : vous y d\u00e9couvrirez toutes les propri\u00e9t\u00e9s b\u00e9n\u00e9fiques de l&rsquo;eau de mer dans un centre ultramoderne qui allie d\u00e9tente, physioth\u00e9rapie, thalassoth\u00e9rapie et soins de bien-\u00eatre purs. <br \/>Notre <strong>h\u00f4tel pr\u00e8s de Rimini<\/strong> est le point de d\u00e9part id\u00e9al pour profiter pleinement des thermes, vous permettant de les visiter quand vous le souhaitez, m\u00eame si ce n&rsquo;est que pour quelques heures de pure et simple d\u00e9tente. <br \/>Vous y trouverez une vari\u00e9t\u00e9 de soins pour tous les besoins : ceux qui souffrent de maux ou qui ont besoin de r\u00e9\u00e9ducation, par exemple, trouveront un personnel m\u00e9dical attentif, pr\u00eat \u00e0 s&rsquo;occuper d&rsquo;eux de la meilleure fa\u00e7on possible, en tirant le meilleur parti des effets b\u00e9n\u00e9fiques de l&rsquo;eau et de la boue, conform\u00e9ment au traitement n\u00e9cessaire. <br \/>Ceux qui recherchent simplement un endroit pour se faire dorloter appr\u00e9cieront particuli\u00e8rement le centre de bien-\u00eatre des Thermes de Rimini, o\u00f9 ils pourront choisir parmi des dizaines de soins de beaut\u00e9 et de bien-\u00eatre. <\/p>\n<p>Des massages ayurv\u00e9diques aux nombreuses activit\u00e9s r\u00e9cr\u00e9atives et sportives propos\u00e9es par le centre, vous ne vous ennuierez jamais. Pour ceux qui souhaitent se baigner dans la mer, il y a \u00e9galement l&rsquo;\u00e9tablissement baln\u00e9aire Blue Beach, o\u00f9 vous trouverez de nombreuses activit\u00e9s et m\u00eame une petite salle de sport en bord de mer. <\/p>\n<p>Notre h\u00f4tel \u00e0 Bellariva di Rimini sera votre maison au bord de la mer, pr\u00eat \u00e0 vous accueillir apr\u00e8s une journ\u00e9e de bien-\u00eatre, pour faire des derni\u00e8res heures avant votre sommeil bien m\u00e9rit\u00e9 un interm\u00e8de agr\u00e9able, vous aidant \u00e0 recharger vos batteries avant de retourner au travail ![\/vc_column_text][vc_empty_space][\/vc_column][\/vc_row]<\/p>\n<\/div>","protected":false},"excerpt":{"rendered":"<p>[vc_row css_animation=\u00a0\u00bb\u00a0\u00bb row_type=\u00a0\u00bbrow\u00a0\u00bb use_row_as_full_screen_section=\u00a0\u00bbno\u00a0\u00bb type=\u00a0\u00bbfull_width\u00a0\u00bb angled_section=\u00a0\u00bbno\u00a0\u00bb text_align=\u00a0\u00bbleft\u00a0\u00bb background_image_as_pattern=\u00a0\u00bbwithout_pattern\u00a0\u00bb][vc_column][vc_empty_space][vc_column_text] Les thermes de Rimini Envie de vous d\u00e9tendre ? Les thermes de Rimini sont exactement ce qu&rsquo;il vous faut : vous y d\u00e9couvrirez toutes les propri\u00e9t\u00e9s b\u00e9n\u00e9fiques de l&rsquo;eau de mer dans un centre ultramoderne qui allie&#8230;<\/p>\n","protected":false},"author":1,"featured_media":0,"parent":0,"menu_order":0,"comment_status":"closed","ping_status":"closed","template":"","meta":{"_monsterinsights_skip_tracking":false,"_monsterinsights_sitenote_active":false,"_monsterinsights_sitenote_note":"","_monsterinsights_sitenote_category":0,"footnotes":""},"class_list":["post-4344","page","type-page","status-publish","hentry"],"aioseo_notices":[],"_links":{"self":[{"href":"https:\/\/hotelardesia.com\/fr\/wp-json\/wp\/v2\/pages\/4344","targetHints":{"allow":["GET"]}}],"collection":[{"href":"https:\/\/hotelardesia.com\/fr\/wp-json\/wp\/v2\/pages"}],"about":[{"href":"https:\/\/hotelardesia.com\/fr\/wp-json\/wp\/v2\/types\/page"}],"author":[{"embeddable":true,"href":"https:\/\/hotelardesia.com\/fr\/wp-json\/wp\/v2\/users\/1"}],"replies":[{"embeddable":true,"href":"https:\/\/hotelardesia.com\/fr\/wp-json\/wp\/v2\/comments?post=4344"}],"version-history":[{"count":0,"href":"https:\/\/hotelardesia.com\/fr\/wp-json\/wp\/v2\/pages\/4344\/revisions"}],"wp:attachment":[{"href":"https:\/\/hotelardesia.com\/fr\/wp-json\/wp\/v2\/media?parent=4344"}],"curies":[{"name":"wp","href":"https:\/\/api.w.org\/{rel}","templated":true}]}}