{"id":4351,"date":"2025-12-16T11:36:22","date_gmt":"2025-12-16T10:36:22","guid":{"rendered":"https:\/\/hotelardesia.com\/hotel-3-etoiles-bellariva-rimini"},"modified":"2025-12-16T11:37:26","modified_gmt":"2025-12-16T10:37:26","slug":"hotel-3-etoiles-bellariva-rimini","status":"publish","type":"page","link":"https:\/\/hotelardesia.com\/fr\/hotel-3-etoiles-bellariva-rimini","title":{"rendered":"Votre h\u00f4tel 3 \u00e9toiles \u00e0 Rimini"},"content":{"rendered":"<div class=\"wpb-content-wrapper\"><p>[vc_row css_animation=\u00a0\u00bb\u00a0\u00bb row_type=\u00a0\u00bbrow\u00a0\u00bb use_row_as_full_screen_section=\u00a0\u00bbno\u00a0\u00bb type=\u00a0\u00bbfull_width\u00a0\u00bb angled_section=\u00a0\u00bbno\u00a0\u00bb text_align=\u00a0\u00bbleft\u00a0\u00bb background_image_as_pattern=\u00a0\u00bbwithout_pattern\u00a0\u00bb][vc_column][vc_empty_space][vc_column_text]<\/p>\n<h3>Votre h\u00f4tel 3 \u00e9toiles \u00e0 Bellariva di Rimini<\/h3>\n<p>Passer vos vacances dans notre <strong>h\u00f4tel 3 \u00e9toiles \u00e0 Bellariva di Rimini<\/strong> signifie avoir la libert\u00e9 de choisir comment occuper votre temps libre chaque jour, entre la plage et les soir\u00e9es de divertissement et de d\u00e9tente en ville. <br \/>L&#8217;emplacement unique de l&rsquo;h\u00f4tel vous permet de d\u00e9couvrir toutes les facettes de Rimini, de la station baln\u00e9aire qui l&rsquo;a rendue c\u00e9l\u00e8bre dans l&rsquo;imaginaire collectif \u00e0 son c\u00f4t\u00e9 historique fascinant, repr\u00e9sent\u00e9 par l&rsquo;arc d&rsquo;Auguste, qui \u00ab ouvre \u00bb id\u00e9alement le centre historique. <\/p>\n<p>\u00c0 quelques minutes seulement de notre <strong>h\u00f4tel familial \u00e0 Rimini<\/strong>, le centre historique est un lieu de pr\u00e9dilection pour les mamans, les papas et les enfants : regorgeant de boutiques, d&rsquo;attractions historiques et d&rsquo;excellents restaurants locaux, il vous permettra d&#8217;emporter avec vous un peu de l&rsquo;\u00e2me de cette ville. Pour une dose suppl\u00e9mentaire d&rsquo;adr\u00e9naline, offrez-vous, ainsi qu&rsquo;\u00e0 vos enfants, une excursion dans les parcs d&rsquo;attractions voisins, tels que Fiabilandia ou Mirabilandia, o\u00f9 ils passeront un moment inoubliable. <br \/>\u00c0 moins de 10 minutes en voiture de notre h\u00f4tel \u00e0 <strong>Bellariva di Rimini<\/strong>, vous pouvez \u00e9galement visiter le delphinarium de la ville, un lieu unique o\u00f9 vous pourrez voir de pr\u00e8s ces animaux sympathiques et leurs acrobaties audacieuses dans l&rsquo;eau. <\/p>\n<p>Mais ce qu&rsquo;une ville comme Rimini a \u00e0 offrir ne s&rsquo;arr\u00eate certainement pas l\u00e0 : il y a des excursions dans les environs, de petits villages dispers\u00e9s et cach\u00e9s \u00e0 d\u00e9couvrir, et des pistes cyclables \u00e0 explorer pour une journ\u00e9e de sport et de belles vues. <br \/>Quel que soit le type de vacances que votre famille recherche, ici \u00e0 Rimini, en tant que client de notre h\u00f4tel \u00e0 Bellariva, vous le trouverez. <br \/>Qu&rsquo;attendez-vous ? Le voir de vos propres yeux sera une douce surprise.[\/vc_column_text][vc_empty_space][\/vc_column][\/vc_row]<\/p>\n<\/div>","protected":false},"excerpt":{"rendered":"<p>[vc_row css_animation=\u00a0\u00bb\u00a0\u00bb row_type=\u00a0\u00bbrow\u00a0\u00bb use_row_as_full_screen_section=\u00a0\u00bbno\u00a0\u00bb type=\u00a0\u00bbfull_width\u00a0\u00bb angled_section=\u00a0\u00bbno\u00a0\u00bb text_align=\u00a0\u00bbleft\u00a0\u00bb background_image_as_pattern=\u00a0\u00bbwithout_pattern\u00a0\u00bb][vc_column][vc_empty_space][vc_column_text] Votre h\u00f4tel 3 \u00e9toiles \u00e0 Bellariva di Rimini Passer vos vacances dans notre h\u00f4tel 3 \u00e9toiles \u00e0 Bellariva di Rimini signifie avoir la libert\u00e9 de choisir comment occuper votre temps libre chaque jour, entre la plage et&#8230;<\/p>\n","protected":false},"author":1,"featured_media":0,"parent":0,"menu_order":0,"comment_status":"closed","ping_status":"closed","template":"","meta":{"_monsterinsights_skip_tracking":false,"_monsterinsights_sitenote_active":false,"_monsterinsights_sitenote_note":"","_monsterinsights_sitenote_category":0,"footnotes":""},"class_list":["post-4351","page","type-page","status-publish","hentry"],"aioseo_notices":[],"_links":{"self":[{"href":"https:\/\/hotelardesia.com\/fr\/wp-json\/wp\/v2\/pages\/4351","targetHints":{"allow":["GET"]}}],"collection":[{"href":"https:\/\/hotelardesia.com\/fr\/wp-json\/wp\/v2\/pages"}],"about":[{"href":"https:\/\/hotelardesia.com\/fr\/wp-json\/wp\/v2\/types\/page"}],"author":[{"embeddable":true,"href":"https:\/\/hotelardesia.com\/fr\/wp-json\/wp\/v2\/users\/1"}],"replies":[{"embeddable":true,"href":"https:\/\/hotelardesia.com\/fr\/wp-json\/wp\/v2\/comments?post=4351"}],"version-history":[{"count":0,"href":"https:\/\/hotelardesia.com\/fr\/wp-json\/wp\/v2\/pages\/4351\/revisions"}],"wp:attachment":[{"href":"https:\/\/hotelardesia.com\/fr\/wp-json\/wp\/v2\/media?parent=4351"}],"curies":[{"name":"wp","href":"https:\/\/api.w.org\/{rel}","templated":true}]}}