{"id":4358,"date":"2025-12-16T11:36:57","date_gmt":"2025-12-16T10:36:57","guid":{"rendered":"https:\/\/hotelardesia.com\/hotel-ouvert-toute-lannee"},"modified":"2025-12-16T11:37:14","modified_gmt":"2025-12-16T10:37:14","slug":"hotel-ouvert-toute-lannee","status":"publish","type":"page","link":"https:\/\/hotelardesia.com\/fr\/hotel-ouvert-toute-lannee","title":{"rendered":"Votre h\u00f4tel \u00e0 Rimini est ouvert toute l&rsquo;ann\u00e9e, vous permettant ainsi de profiter de la Riviera de l&rsquo;\u00e9t\u00e9 \u00e0 l&rsquo;hiver."},"content":{"rendered":"<div class=\"wpb-content-wrapper\"><p>[vc_row css_animation=\u00a0\u00bb\u00a0\u00bb row_type=\u00a0\u00bbrow\u00a0\u00bb use_row_as_full_screen_section=\u00a0\u00bbno\u00a0\u00bb type=\u00a0\u00bbgrid\u00a0\u00bb angled_section=\u00a0\u00bbno\u00a0\u00bb text_align=\u00a0\u00bbleft\u00a0\u00bb background_image_as_pattern=\u00a0\u00bbwithout_pattern\u00a0\u00bb z_index=\u00a0\u00bb\u00a0\u00bb][vc_column][vc_empty_space][vc_column_text]<\/p>\n<h3>Votre h\u00f4tel \u00e0 Rimini ouvert toute l&rsquo;ann\u00e9e pour profiter de la Riviera de l&rsquo;\u00e9t\u00e9 \u00e0 l&rsquo;hiver<\/h3>\n<p>En s\u00e9journant dans notre h\u00f4tel \u00e0 Rimini, ouvert toute l&rsquo;ann\u00e9e, vous aurez l&rsquo;occasion unique de profiter des innombrables attractions de la <strong>Riviera<\/strong> <strong>romagnole<\/strong> et de son arri\u00e8re-pays, non seulement pendant les mois les plus chauds, mais aussi pendant les mois les plus froids, ce qui vous permettra de d\u00e9couvrir toutes ses facettes incroyables. <\/p>\n<p>Pour ceux qui souhaitent passer des moments inoubliables en famille \u00e0 tout moment de l&rsquo;ann\u00e9e, notre h\u00f4tel \u00e0 Rimini Bellariva sera le point de d\u00e9part id\u00e9al pour d\u00e9couvrir les sensationnels parcs d&rsquo;attractions de la r\u00e9gion, gr\u00e2ce \u00e0 des offres sp\u00e9ciales avantageuses qui comprennent des s\u00e9jours gratuits pour les enfants et des formules tout compris. <\/p>\n<p>Vous pouvez rejoindre les incroyables attractions de <strong>Fiabilandia<\/strong>, \u00e0 seulement 6 minutes en voiture, o\u00f9 vous pourrez redevenir enfant et vous \u00e9merveiller aux c\u00f4t\u00e9s de vos enfants devant des personnages et des d\u00e9cors de contes de f\u00e9es, ou d\u00e9couvrir les secrets de la mer et l&rsquo;histoire de l&rsquo;\u00e9volution de la plan\u00e8te et de ses habitants \u00e0 <strong>Oltremare<\/strong> \u00e0 Riccione, \u00e0 seulement 15 minutes. Enfin, vous pourrez faire du shopping au <strong>centre commercial Le Befane<\/strong>, situ\u00e9 \u00e0 environ 2 km. <\/p>\n<p>Gr\u00e2ce \u00e0 sa proximit\u00e9 avec le centre-ville, vous pourrez d\u00e9couvrir son histoire et ses tr\u00e9sors monumentaux de l&rsquo;\u00e9poque romaine, tels que le <strong>pont Tib\u00e8re<\/strong> et l&rsquo;<strong>arc d&rsquo;Auguste<\/strong>, ou de l&rsquo;\u00e9poque de la seigneurie, tels que le <strong>temple Malatesta<\/strong> et le <strong>Castel Sismondo<\/strong>. <\/p>\n<p>Mais l&#8217;emplacement de notre h\u00f4tel \u00e0 Rimini, pr\u00e8s du parc des expositions, en fait le point de d\u00e9part id\u00e9al pour tous ceux qui souhaitent mener leurs affaires avec \u00e9nergie et tranquillit\u00e9 lors des nombreux \u00e9v\u00e9nements qui trouvent dans le parc des expositions de la ville le cadre id\u00e9al pour leur grandeur et leur importance. <\/p>\n<p><strong>Rimini Wellness<\/strong>, le salon du fitness ; <strong>SIB<\/strong>, le salon professionnel d\u00e9di\u00e9 \u00e0 l&rsquo;\u00e9quipement pour bars et restaurants ; SIGEP, consacr\u00e9 \u00e0 l&rsquo;univers de la glace artisanale, de la p\u00e2tisserie et de la boulangerie ; et SUN, ax\u00e9 sur le mobilier et les \u00e9quipements d&rsquo;ext\u00e9rieur, ne sont que quelques-uns des nombreux \u00e9v\u00e9nements qui enrichissent le calendrier des salons professionnels de Rimini tout au long de l&rsquo;ann\u00e9e, en faisant une destination incontournable pour les professionnels de tous les secteurs. <\/p>\n<p>Quelle que soit la raison de votre visite dans la magnifique ville de Rimini, \u00e0 tout moment de l&rsquo;ann\u00e9e, que ce soit pour un week-end ou un s\u00e9jour plus long, notre h\u00f4tel 3 \u00e9toiles \u00e0 Bellariva di Rimini, avec ses services adapt\u00e9s aux voyageurs d&rsquo;affaires et aux touristes, saura satisfaire tous vos besoins.[\/vc_column_text][vc_empty_space][\/vc_column][\/vc_row]<\/p>\n<\/div>","protected":false},"excerpt":{"rendered":"<p>[vc_row css_animation=\u00a0\u00bb\u00a0\u00bb row_type=\u00a0\u00bbrow\u00a0\u00bb use_row_as_full_screen_section=\u00a0\u00bbno\u00a0\u00bb type=\u00a0\u00bbgrid\u00a0\u00bb angled_section=\u00a0\u00bbno\u00a0\u00bb text_align=\u00a0\u00bbleft\u00a0\u00bb background_image_as_pattern=\u00a0\u00bbwithout_pattern\u00a0\u00bb z_index=\u00a0\u00bb\u00a0\u00bb][vc_column][vc_empty_space][vc_column_text] Votre h\u00f4tel \u00e0 Rimini ouvert toute l&rsquo;ann\u00e9e pour profiter de la Riviera de l&rsquo;\u00e9t\u00e9 \u00e0 l&rsquo;hiver En s\u00e9journant dans notre h\u00f4tel \u00e0 Rimini, ouvert toute l&rsquo;ann\u00e9e, vous aurez l&rsquo;occasion unique de profiter des innombrables attractions de&#8230;<\/p>\n","protected":false},"author":1,"featured_media":0,"parent":0,"menu_order":0,"comment_status":"closed","ping_status":"closed","template":"full_width.php","meta":{"_monsterinsights_skip_tracking":false,"_monsterinsights_sitenote_active":false,"_monsterinsights_sitenote_note":"","_monsterinsights_sitenote_category":0,"footnotes":""},"class_list":["post-4358","page","type-page","status-publish","hentry"],"aioseo_notices":[],"_links":{"self":[{"href":"https:\/\/hotelardesia.com\/fr\/wp-json\/wp\/v2\/pages\/4358","targetHints":{"allow":["GET"]}}],"collection":[{"href":"https:\/\/hotelardesia.com\/fr\/wp-json\/wp\/v2\/pages"}],"about":[{"href":"https:\/\/hotelardesia.com\/fr\/wp-json\/wp\/v2\/types\/page"}],"author":[{"embeddable":true,"href":"https:\/\/hotelardesia.com\/fr\/wp-json\/wp\/v2\/users\/1"}],"replies":[{"embeddable":true,"href":"https:\/\/hotelardesia.com\/fr\/wp-json\/wp\/v2\/comments?post=4358"}],"version-history":[{"count":0,"href":"https:\/\/hotelardesia.com\/fr\/wp-json\/wp\/v2\/pages\/4358\/revisions"}],"wp:attachment":[{"href":"https:\/\/hotelardesia.com\/fr\/wp-json\/wp\/v2\/media?parent=4358"}],"curies":[{"name":"wp","href":"https:\/\/api.w.org\/{rel}","templated":true}]}}